{"id":148,"date":"2019-10-01T19:30:45","date_gmt":"2019-10-01T19:30:45","guid":{"rendered":"http:\/\/box2141.temp.domains\/~geolatin\/?page_id=148"},"modified":"2021-12-19T21:17:53","modified_gmt":"2021-12-19T21:17:53","slug":"ways-to-support","status":"publish","type":"page","link":"https:\/\/geolatinas.org\/es\/ways-to-support\/","title":{"rendered":"Maneras de apoyar"},"content":{"rendered":"<div class=\"wp-block-image is-style-rounded\"><figure class=\"aligncenter size-large is-resized\"><img data-recalc-dims=\"1\" fetchpriority=\"high\" decoding=\"async\" src=\"https:\/\/i0.wp.com\/geolatinas.org\/wp-content\/uploads\/2019\/10\/pexels-photo-3280130.jpeg?resize=437%2C290&#038;ssl=1\" alt=\"people doing group hand cheer\" class=\"wp-image-881\" width=\"437\" height=\"290\" srcset=\"https:\/\/i0.wp.com\/geolatinas.org\/wp-content\/uploads\/2019\/10\/pexels-photo-3280130.jpeg?w=1880&amp;ssl=1 1880w, https:\/\/i0.wp.com\/geolatinas.org\/wp-content\/uploads\/2019\/10\/pexels-photo-3280130.jpeg?resize=300%2C200&amp;ssl=1 300w, https:\/\/i0.wp.com\/geolatinas.org\/wp-content\/uploads\/2019\/10\/pexels-photo-3280130.jpeg?resize=1024%2C682&amp;ssl=1 1024w, https:\/\/i0.wp.com\/geolatinas.org\/wp-content\/uploads\/2019\/10\/pexels-photo-3280130.jpeg?resize=150%2C100&amp;ssl=1 150w, https:\/\/i0.wp.com\/geolatinas.org\/wp-content\/uploads\/2019\/10\/pexels-photo-3280130.jpeg?resize=768%2C512&amp;ssl=1 768w, https:\/\/i0.wp.com\/geolatinas.org\/wp-content\/uploads\/2019\/10\/pexels-photo-3280130.jpeg?resize=1536%2C1024&amp;ssl=1 1536w, https:\/\/i0.wp.com\/geolatinas.org\/wp-content\/uploads\/2019\/10\/pexels-photo-3280130.jpeg?resize=465%2C310&amp;ssl=1 465w, https:\/\/i0.wp.com\/geolatinas.org\/wp-content\/uploads\/2019\/10\/pexels-photo-3280130.jpeg?resize=695%2C463&amp;ssl=1 695w\" sizes=\"(max-width: 437px) 100vw, 437px\" \/><figcaption>Foto de Dio Hasbi Saniskoro en <a href=\"https:\/\/www.pexels.com\/photo\/people-doing-group-hand-cheer-3280130\/\" rel=\"nofollow\">Pexels.com<\/a><\/figcaption><\/figure><\/div>\n\n\n\n<figure class=\"wp-block-table aligncenter\"><table><tbody><tr><td class=\"has-text-align-center\" data-align=\"center\"><strong>Actualmente, GeoLatinas necesita financiamiento para apoyar una variedad de iniciativas y proyectos. Hay tres formas en las que puede ayudar:<\/strong><\/td><\/tr><\/tbody><\/table><\/figure>\n\n\n\n<div class=\"wp-block-group alignwide\"><div class=\"wp-block-group__inner-container is-layout-flow wp-block-group-is-layout-flow\">\n<div class=\"wp-block-columns alignwide is-layout-flex wp-container-core-columns-is-layout-9d6595d7 wp-block-columns-is-layout-flex\">\n<div class=\"wp-block-column is-layout-flow wp-block-column-is-layout-flow\">\n<h1 class=\"wp-block-heading\">DONAR<\/h1>\n\n\n\n<p>Si desea donar fondos, env\u00edenos un correo electr\u00f3nico para comunicarnos con usted.<\/p>\n\n\n\n<div class=\"wp-block-buttons is-layout-flex wp-block-buttons-is-layout-flex\">\n<div class=\"wp-block-button is-style-outline is-style-outline--1\"><a class=\"wp-block-button__link has-vivid-purple-color has-white-background-color has-text-color has-background\" href=\"mailto: partners@geolatinas.org\" style=\"border-radius:50px\">Donar<\/a><\/div>\n<\/div>\n<\/div>\n\n\n\n<div class=\"wp-block-column is-layout-flow wp-block-column-is-layout-flow\">\n<h1 class=\"wp-block-heading\">PATROCINADOR<\/h1>\n\n\n\n<p>Si desea patrocinar algunos de los esfuerzos de nuestros miembros para esforzarse en la academia y la industria, cont\u00e1ctenos para obtener m\u00e1s informaci\u00f3n. Aqu\u00ed hay algunos ejemplos sobre c\u00f3mo patrocinar: <\/p>\n\n\n\n<ul class=\"wp-block-list\"><li>Patrocine el registro de una conferencia <\/li><li>Fondos de viaje para conferencias<\/li><li>Dar una charla o clase sobre determinado tema<\/li><li>Tarifas de env\u00edo de res\u00famenes o manuscritos<\/li><li>Patrocine suscripciones de software para la log\u00edstica de GeoLatinas.<\/li><\/ul>\n\n\n\n<div class=\"wp-block-buttons is-layout-flex wp-block-buttons-is-layout-flex\">\n<div class=\"wp-block-button is-style-outline is-style-outline--2\"><a class=\"wp-block-button__link has-vivid-purple-color has-text-color\" href=\"mailto: partners@geolatinas.org\" style=\"border-radius:50px\">Patrocinador<\/a><\/div>\n<\/div>\n<\/div>\n\n\n\n<div class=\"wp-block-column is-layout-flow wp-block-column-is-layout-flow\">\n<h1 class=\"wp-block-heading\">TIENDA <\/h1>\n\n\n\n<p>\u00a1La tienda GeoLatinas est\u00e1 llena de divertidas camisetas, tazas de caf\u00e9 y m\u00e1s! \u00a1Las ganancias van a nuestra organizaci\u00f3n en su conjunto para proporcionar m\u00e1s herramientas para que crezcamos!  <\/p>\n\n\n\n<div class=\"wp-block-buttons is-layout-flex wp-block-buttons-is-layout-flex\">\n<div class=\"wp-block-button is-style-outline is-style-outline--3\"><a class=\"wp-block-button__link has-vivid-purple-color has-text-color\" style=\"border-radius:50px\">Tienda<\/a><\/div>\n<\/div>\n<\/div>\n\n\n\n<div class=\"wp-block-column is-layout-flow wp-block-column-is-layout-flow\">\n<h1 class=\"wp-block-heading\">NOMINATE <\/h1>\n\n\n\n<p>GeoLatinas shop is full of fun shirts, coffee mugs, and more! Profit<meta charset=\"utf-8\">\u00a0If you know a latina in Earth and Planetary sciences, nominate them for a Friday Feature in Geo! An easy and short way to showcase who they are and what they do<a rel=\"noreferrer noopener\" href=\"https:\/\/bit.ly\/GeoFeature_ENG\" target=\"_blank\">.<\/a><br>* We encourage self-nominations!<\/p>\n\n\n\n<div class=\"wp-block-buttons is-layout-flex wp-block-buttons-is-layout-flex\">\n<div class=\"wp-block-button is-style-outline is-style-outline--4\"><a class=\"wp-block-button__link has-vivid-purple-color has-text-color\" style=\"border-radius:50px\">Form for Friday Feature<\/a><\/div>\n<\/div>\n<\/div>\n<\/div>\n<\/div><\/div>","protected":false},"excerpt":{"rendered":"<p>GeoLatinas are currently needing funding to support a variety of initiatives and projects. There are 3 ways you can help: DONATE If you would like to Donate funds, send us an email to connect with you. SPONSOR If you would like to sponsor some of our members efforts to strive<span class=\"more-link\"><a href=\"https:\/\/geolatinas.org\/es\/ways-to-support\/\">Sigue leyendo<\/a><\/span><\/p>","protected":false},"author":2,"featured_media":0,"parent":0,"menu_order":0,"comment_status":"closed","ping_status":"closed","template":"","meta":{"om_disable_all_campaigns":false,"_monsterinsights_skip_tracking":false,"_monsterinsights_sitenote_active":false,"_monsterinsights_sitenote_note":"","_monsterinsights_sitenote_category":0,"footnotes":""},"class_list":["entry","author-marjosbet","post-148","page","type-page","status-publish"],"aioseo_notices":[],"jetpack_sharing_enabled":true,"_links":{"self":[{"href":"https:\/\/geolatinas.org\/es\/wp-json\/wp\/v2\/pages\/148","targetHints":{"allow":["GET"]}}],"collection":[{"href":"https:\/\/geolatinas.org\/es\/wp-json\/wp\/v2\/pages"}],"about":[{"href":"https:\/\/geolatinas.org\/es\/wp-json\/wp\/v2\/types\/page"}],"author":[{"embeddable":true,"href":"https:\/\/geolatinas.org\/es\/wp-json\/wp\/v2\/users\/2"}],"replies":[{"embeddable":true,"href":"https:\/\/geolatinas.org\/es\/wp-json\/wp\/v2\/comments?post=148"}],"version-history":[{"count":7,"href":"https:\/\/geolatinas.org\/es\/wp-json\/wp\/v2\/pages\/148\/revisions"}],"predecessor-version":[{"id":1757,"href":"https:\/\/geolatinas.org\/es\/wp-json\/wp\/v2\/pages\/148\/revisions\/1757"}],"wp:attachment":[{"href":"https:\/\/geolatinas.org\/es\/wp-json\/wp\/v2\/media?parent=148"}],"curies":[{"name":"wp","href":"https:\/\/api.w.org\/{rel}","templated":true}]}}