{"id":530,"date":"2020-07-24T04:44:05","date_gmt":"2020-07-24T04:44:05","guid":{"rendered":"http:\/\/box2141.temp.domains\/~geolatin\/?page_id=530"},"modified":"2024-01-24T21:34:17","modified_gmt":"2024-01-24T21:34:17","slug":"code-of-conduct","status":"publish","type":"page","link":"https:\/\/geolatinas.org\/es\/code-of-conduct\/","title":{"rendered":"C\u00f3digo de conducta"},"content":{"rendered":"<div data-elementor-type=\"wp-page\" data-elementor-id=\"530\" class=\"elementor elementor-530\">\n\t\t\t\t\t\t<section class=\"elementor-section elementor-top-section elementor-element elementor-element-2351da1 elementor-section-boxed elementor-section-height-default elementor-section-height-default\" data-id=\"2351da1\" data-element_type=\"section\">\n\t\t\t\t\t\t<div class=\"elementor-container elementor-column-gap-default\">\n\t\t\t\t\t<div class=\"elementor-column elementor-col-100 elementor-top-column elementor-element elementor-element-2b339ac\" data-id=\"2b339ac\" data-element_type=\"column\">\n\t\t\t<div class=\"elementor-widget-wrap\">\n\t\t\t\t\t\t\t<\/div>\n\t\t<\/div>\n\t\t\t\t\t<\/div>\n\t\t<\/section>\n\t\t\t\t<section class=\"elementor-section elementor-top-section elementor-element elementor-element-8e225a8 elementor-section-boxed elementor-section-height-default elementor-section-height-default\" data-id=\"8e225a8\" data-element_type=\"section\">\n\t\t\t\t\t\t<div class=\"elementor-container elementor-column-gap-default\">\n\t\t\t\t\t<div class=\"elementor-column elementor-col-100 elementor-top-column elementor-element elementor-element-076d22f\" data-id=\"076d22f\" data-element_type=\"column\">\n\t\t\t<div class=\"elementor-widget-wrap elementor-element-populated\">\n\t\t\t\t\t\t<div class=\"elementor-element elementor-element-6185613 elementor-widget elementor-widget-heading\" data-id=\"6185613\" data-element_type=\"widget\" data-widget_type=\"heading.default\">\n\t\t\t\t<div class=\"elementor-widget-container\">\n\t\t\t\t\t<h2 class=\"elementor-heading-title elementor-size-default\">C\u00f3digo de conducta de Geolatinas<\/h2>\t\t\t\t<\/div>\n\t\t\t\t<\/div>\n\t\t\t\t\t<\/div>\n\t\t<\/div>\n\t\t\t\t\t<\/div>\n\t\t<\/section>\n\t\t\t\t<section class=\"elementor-section elementor-top-section elementor-element elementor-element-0be1338 elementor-section-boxed elementor-section-height-default elementor-section-height-default\" data-id=\"0be1338\" data-element_type=\"section\">\n\t\t\t\t\t\t<div class=\"elementor-container elementor-column-gap-default\">\n\t\t\t\t\t<div class=\"elementor-column elementor-col-100 elementor-top-column elementor-element elementor-element-9015f57\" data-id=\"9015f57\" data-element_type=\"column\">\n\t\t\t<div class=\"elementor-widget-wrap elementor-element-populated\">\n\t\t\t\t\t\t<div class=\"elementor-element elementor-element-f2769eb elementor-widget elementor-widget-text-editor\" data-id=\"f2769eb\" data-element_type=\"widget\" data-widget_type=\"text-editor.default\">\n\t\t\t\t<div class=\"elementor-widget-container\">\n\t\t\t\t\t\t\t\t\t<p><span style=\"color: var( --e-global-color-text ); font-family: var( --e-global-typography-text-font-family ), Sans-serif; font-weight: var( --e-global-typography-text-font-weight );\"><i>GeoLatinas is an inclusive organization that thrives in respect and professionalism towards our members and contributors. We believe diversity is a strength and we value everyone for who they are. We want our community to be a harassment-free experience. We understand differences exist and we celebrate them to make our community a rich environment for all our members to succeed and feel safe.&nbsp;<\/i><\/span><\/p>\n<p>This code of conduct aligns the rules we request our community to adhere to and it applies equally to everyone in GeoLatinas (members, volunteers, leaders, advisors, liaisons, followers, and any other individuals involved in our organization). The code of conduct also applies to all managed spaces by us: website, email, email distribution lists, slack, social media (X, Facebook , IG, LinkedIn, Youtube)<\/p>\n<p>Nos comprometemos a actuar e interactuar de maneras que contribuyan a una comunidad abierta, diversa, inclusiva y saludable.<\/p>\n<p>Be <strong>welcoming, friendly and patient<\/strong>. We strive to be a community that welcomes and supports people of all backgrounds and identities. This includes, but is not limited to members of any race, ethnicity, culture, national origin, color, immigration status, social and economic class, educational level, sex, sexual orientation, gender identity and expression, age, size, family status, political belief, religion, and mental and physical ability.<\/p>\n<p>Be <strong>considerate<\/strong> and respectful.&nbsp; Not all of us will agree all the time, but disagreement is no excuse for poor behavior and poor manners. We might all experience some frustration now and then, but we cannot allow that frustration to turn into a personal attack. It&#8217;s important to remember that a community where people feel uncomfortable or threatened is not a productive one. <strong>Members of the GeoLatinas community should be respectful when dealing with other members as well as with people outside the GeoLatinas community.<\/strong> <span style=\"text-decoration: underline;\">Any information shared in our slack space is considered exclusive and private to the author, and is not authorized to be shared in any way, including social media, without&nbsp; consent of all individuals involved.&nbsp;<\/span><\/p>\n<p>Be <strong>mindful<\/strong> of your words. Remember that sexist, racist, and other exclusionary jokes are offensive to those around you.<\/p>\n<p>Be <strong>kind<\/strong> to others. Do not insult or put down other participants.&nbsp;<strong>Behave professionally.<\/strong> Remember that harassment and sexist, racist, or other exclusionary jokes are not appropriate for the community<br>When we disagree, we try to understand why. Disagreements, both social and technical, happen all the time and GeoLatinas is no exception. It is important that we resolve disagreements and differing views constructively. Remember that we are different. The strength of GeoLatinas comes from its diversity, individuals from a wide range of backgrounds. Different people have different perspectives on issues. Being unable to understand why someone holds a different viewpoint doesn&#8217;t mean that they&#8217;re wrong. Don&#8217;t forget that it is human to err and blaming each other doesn&#8217;t get us anywhere, rather offer to help resolving issues and to help learn from mistakes.<\/p>\n<p><strong>Community leaders are responsible for clarifying and enforcing our standards of acceptable behavior<\/strong> and will take appropriate and fair corrective action in response to any behavior that they deem inappropriate, threatening, offensive, or harmful.<\/p>\n<p><strong>Community leaders have the right and responsibility to remove, edit, or reject comments, commits, code, wiki edits, issues, and other contributions that are not aligned to this Code of Conduct,<\/strong> and will communicate reasons for moderation decisions when appropriate.<\/p>\n<p>Instances of abusive, harassing, or otherwise unacceptable behavior may be reported to the community leaders responsible for enforcement at geolatinas@geolatinas.org.&nbsp;<span style=\"font-family: var( --e-global-typography-text-font-family ), Sans-serif; font-weight: var( --e-global-typography-text-font-weight );\">All complaints will be reviewed and investigated promptly and fairly, and anonymity will be ensured as much as possible. <\/span><strong style=\"font-family: var( --e-global-typography-text-font-family ), Sans-serif;\">All community leaders are obligated to respect the privacy and security of the reporter of any incident.<\/strong><\/p>\n<p><\/p>\t\t\t\t\t\t\t\t<\/div>\n\t\t\t\t<\/div>\n\t\t\t\t\t<\/div>\n\t\t<\/div>\n\t\t\t\t\t<\/div>\n\t\t<\/section>\n\t\t\t\t<section class=\"elementor-section elementor-top-section elementor-element elementor-element-d6301a1 elementor-section-boxed elementor-section-height-default elementor-section-height-default\" data-id=\"d6301a1\" data-element_type=\"section\">\n\t\t\t\t\t\t<div class=\"elementor-container elementor-column-gap-default\">\n\t\t\t\t\t<div class=\"elementor-column elementor-col-100 elementor-top-column elementor-element elementor-element-ce1baee\" data-id=\"ce1baee\" data-element_type=\"column\">\n\t\t\t<div class=\"elementor-widget-wrap elementor-element-populated\">\n\t\t\t\t\t\t<div class=\"elementor-element elementor-element-7d8148d elementor-widget-divider--view-line_icon elementor-widget__width-initial elementor-view-default elementor-widget-divider--element-align-center elementor-widget elementor-widget-divider\" data-id=\"7d8148d\" data-element_type=\"widget\" data-widget_type=\"divider.default\">\n\t\t\t\t<div class=\"elementor-widget-container\">\n\t\t\t\t\t\t\t<div class=\"elementor-divider\">\n\t\t\t<span class=\"elementor-divider-separator\">\n\t\t\t\t\t\t\t<div class=\"elementor-icon elementor-divider__element\">\n\t\t\t\t\t<i aria-hidden=\"true\" class=\"fab fa-elementor\"><\/i><\/div>\n\t\t\t\t\t\t<\/span>\n\t\t<\/div>\n\t\t\t\t\t\t<\/div>\n\t\t\t\t<\/div>\n\t\t\t\t\t<\/div>\n\t\t<\/div>\n\t\t\t\t\t<\/div>\n\t\t<\/section>\n\t\t\t\t<section class=\"elementor-section elementor-top-section elementor-element elementor-element-1b0214e elementor-section-boxed elementor-section-height-default elementor-section-height-default\" data-id=\"1b0214e\" data-element_type=\"section\">\n\t\t\t\t\t\t<div class=\"elementor-container elementor-column-gap-default\">\n\t\t\t\t\t<div class=\"elementor-column elementor-col-100 elementor-top-column elementor-element elementor-element-8d4ed1b\" data-id=\"8d4ed1b\" data-element_type=\"column\">\n\t\t\t<div class=\"elementor-widget-wrap elementor-element-populated\">\n\t\t\t\t\t\t<div class=\"elementor-element elementor-element-ea79c6f elementor-widget elementor-widget-heading\" data-id=\"ea79c6f\" data-element_type=\"widget\" data-widget_type=\"heading.default\">\n\t\t\t\t<div class=\"elementor-widget-container\">\n\t\t\t\t\t<h2 class=\"elementor-heading-title elementor-size-default\">Directrices de aplicaci\u00f3n<\/h2>\t\t\t\t<\/div>\n\t\t\t\t<\/div>\n\t\t\t\t<div class=\"elementor-element elementor-element-e850c70 elementor-widget elementor-widget-text-editor\" data-id=\"e850c70\" data-element_type=\"widget\" data-widget_type=\"text-editor.default\">\n\t\t\t\t<div class=\"elementor-widget-container\">\n\t\t\t\t\t\t\t\t\t<p>Los l\u00edderes de la comunidad seguir\u00e1n estas Pautas de impacto en la comunidad para determinar las consecuencias de cualquier acci\u00f3n que consideren que infringe este C\u00f3digo de conducta:<\/p>\n<ul>\n<li><strong>Correction Community Impact<\/strong>: Use of inappropriate language or other behavior deemed unprofessional or unwelcome in the community. <strong>Consequence:<\/strong> A private, written warning from community leaders, providing clarity around the nature of the violation and an explanation of why the behavior was inappropriate. A public apology may be requested.<\/li>\n<li><strong>Warning Community Impact:<\/strong> A violation through a single incident or series of actions. <strong>Consequence:<\/strong> A warning with consequences for continued behavior. No interaction with the people involved, including unsolicited interaction with those enforcing the Code of Conduct, for a specified period of time. This includes avoiding interactions in community spaces as well as external channels like social media. Violating these terms may lead to a temporary or permanent ban.<\/li>\n<li><strong>Temporary Ban Community Impact:<\/strong> A serious violation of community standards, including sustained inappropriate behavior. <strong>Consequence:<\/strong> A temporary ban from any sort of interaction or public communication with the community for a specified period of time. No public or private interaction with the people involved, including unsolicited interaction with those enforcing the Code of Conduct, is allowed during this period. Violating these terms may lead to a permanent ban.<\/li>\n<li><strong>Permanent Ban Community Impact:<\/strong> Demonstrating a pattern of violation of community standards, including sustained inappropriate behavior, harassment of an individual, or aggression toward or disparagement of classes of individuals. <strong>Consequence:<\/strong> A permanent ban from any sort of public interaction within the community.<\/li>\n<\/ul>\n<p><em>Attribution:\u00a0<\/em><em>This Code of Conduct is adapted from the Contributor Covenant, version 2.0, available at https:\/\/www.contributor-covenant.org\/version\/2\/0\/code_of_conduct.html. And from Django Code of Conduct and others.\u00a0<\/em><\/p>\t\t\t\t\t\t\t\t<\/div>\n\t\t\t\t<\/div>\n\t\t\t\t\t<\/div>\n\t\t<\/div>\n\t\t\t\t\t<\/div>\n\t\t<\/section>\n\t\t\t\t<\/div>","protected":false},"excerpt":{"rendered":"<p>Geolatinas Code of Conduct GeoLatinas is an inclusive organization that thrives in respect and professionalism towards our members and contributors. We believe diversity is a strength and we value everyone for who they are. We want our community to be a harassment-free experience. We understand differences exist and we celebrate<span class=\"more-link\"><a href=\"https:\/\/geolatinas.org\/es\/code-of-conduct\/\">Sigue leyendo<\/a><\/span><\/p>","protected":false},"author":7,"featured_media":108,"parent":0,"menu_order":0,"comment_status":"closed","ping_status":"closed","template":"","meta":{"om_disable_all_campaigns":false,"_monsterinsights_skip_tracking":false,"_monsterinsights_sitenote_active":false,"_monsterinsights_sitenote_note":"","_monsterinsights_sitenote_category":0,"footnotes":""},"class_list":["entry","author-marianasierra","post-530","page","type-page","status-publish","has-post-thumbnail"],"aioseo_notices":[],"jetpack_sharing_enabled":true,"_links":{"self":[{"href":"https:\/\/geolatinas.org\/es\/wp-json\/wp\/v2\/pages\/530","targetHints":{"allow":["GET"]}}],"collection":[{"href":"https:\/\/geolatinas.org\/es\/wp-json\/wp\/v2\/pages"}],"about":[{"href":"https:\/\/geolatinas.org\/es\/wp-json\/wp\/v2\/types\/page"}],"author":[{"embeddable":true,"href":"https:\/\/geolatinas.org\/es\/wp-json\/wp\/v2\/users\/7"}],"replies":[{"embeddable":true,"href":"https:\/\/geolatinas.org\/es\/wp-json\/wp\/v2\/comments?post=530"}],"version-history":[{"count":17,"href":"https:\/\/geolatinas.org\/es\/wp-json\/wp\/v2\/pages\/530\/revisions"}],"predecessor-version":[{"id":2090,"href":"https:\/\/geolatinas.org\/es\/wp-json\/wp\/v2\/pages\/530\/revisions\/2090"}],"wp:featuredmedia":[{"embeddable":true,"href":"https:\/\/geolatinas.org\/es\/wp-json\/wp\/v2\/media\/108"}],"wp:attachment":[{"href":"https:\/\/geolatinas.org\/es\/wp-json\/wp\/v2\/media?parent=530"}],"curies":[{"name":"wp","href":"https:\/\/api.w.org\/{rel}","templated":true}]}}