{"id":709,"date":"2020-08-05T03:20:32","date_gmt":"2020-08-05T03:20:32","guid":{"rendered":"http:\/\/box2141.temp.domains\/~geolatin\/?page_id=709"},"modified":"2024-01-24T14:58:36","modified_gmt":"2024-01-24T14:58:36","slug":"become-a-member","status":"publish","type":"page","link":"https:\/\/geolatinas.org\/es\/become-a-member\/","title":{"rendered":"Hazte miembro"},"content":{"rendered":"<div data-elementor-type=\"wp-page\" data-elementor-id=\"709\" class=\"elementor elementor-709\">\n\t\t\t\t\t\t<section class=\"elementor-section elementor-top-section elementor-element elementor-element-5662cdf elementor-section-boxed elementor-section-height-default elementor-section-height-default\" data-id=\"5662cdf\" data-element_type=\"section\">\n\t\t\t\t\t\t<div class=\"elementor-container elementor-column-gap-default\">\n\t\t\t\t\t<div class=\"elementor-column elementor-col-100 elementor-top-column elementor-element elementor-element-eb90834\" data-id=\"eb90834\" data-element_type=\"column\">\n\t\t\t<div class=\"elementor-widget-wrap elementor-element-populated\">\n\t\t\t\t\t\t<div class=\"elementor-element elementor-element-506f28e elementor-widget elementor-widget-text-editor\" data-id=\"506f28e\" data-element_type=\"widget\" data-widget_type=\"text-editor.default\">\n\t\t\t\t<div class=\"elementor-widget-container\">\n\t\t\t\t\t\t\t\t\t<p>\u2026..Nuestro grupo puede ser un veh\u00edculo para que pruebes cosas nuevas, lideres algo que te apasione o simplemente est\u00e9s ah\u00ed, para brindarte inspiraci\u00f3n y compa\u00f1\u00eda cuando lo necesites\u201d&nbsp;<span style=\"font-size: 0.75em; font-style: italic; font-family: var( --e-global-typography-text-font-family ), Sans-serif; font-weight: var( --e-global-typography-text-font-weight );\">Roc\u00edo Caballero Gill \u2013 Cofundadora de GeoLatinas<\/span><\/p>\t\t\t\t\t\t\t\t<\/div>\n\t\t\t\t<\/div>\n\t\t\t\t\t<\/div>\n\t\t<\/div>\n\t\t\t\t\t<\/div>\n\t\t<\/section>\n\t\t\t\t<section class=\"elementor-section elementor-top-section elementor-element elementor-element-41e2561 elementor-section-boxed elementor-section-height-default elementor-section-height-default\" data-id=\"41e2561\" data-element_type=\"section\">\n\t\t\t\t\t\t<div class=\"elementor-container elementor-column-gap-default\">\n\t\t\t\t\t<div class=\"elementor-column elementor-col-100 elementor-top-column elementor-element elementor-element-e2bb525\" data-id=\"e2bb525\" data-element_type=\"column\">\n\t\t\t<div class=\"elementor-widget-wrap elementor-element-populated\">\n\t\t\t\t\t\t<div class=\"elementor-element elementor-element-d266e0c elementor-widget elementor-widget-text-editor\" data-id=\"d266e0c\" data-element_type=\"widget\" data-widget_type=\"text-editor.default\">\n\t\t\t\t<div class=\"elementor-widget-container\">\n\t\t\t\t\t\t\t\t\t<p><strong>Nos emociona que quieras formar parte de GeoLatinas. \u00a1Simplemente completa el formulario a continuaci\u00f3n y seamos el cambio que queremos ver en el mundo!&nbsp;<\/strong>Nuestra membres\u00eda es completamente <strong>LIBRE DE COSTO <\/strong>y abierto a toda la comunidad de geociencias en todos los niveles.<\/p>\t\t\t\t\t\t\t\t<\/div>\n\t\t\t\t<\/div>\n\t\t\t\t<div class=\"elementor-element elementor-element-c513dfc elementor-align-center elementor-widget elementor-widget-button\" data-id=\"c513dfc\" data-element_type=\"widget\" data-widget_type=\"button.default\">\n\t\t\t\t<div class=\"elementor-widget-container\">\n\t\t\t\t\t\t\t\t\t<div class=\"elementor-button-wrapper\">\n\t\t\t\t\t<a class=\"elementor-button elementor-button-link elementor-size-xl\" href=\"https:\/\/bit.ly\/JoinGeoLatinas\">\n\t\t\t\t\t\t<span class=\"elementor-button-content-wrapper\">\n\t\t\t\t\t\t<span class=\"elementor-button-icon\">\n\t\t\t\t<i aria-hidden=\"true\" class=\"fas fa-link\"><\/i>\t\t\t<\/span>\n\t\t\t\t\t\t\t\t\t<span class=\"elementor-button-text\">   \u00a1Hazte miembro ahora!<\/span>\n\t\t\t\t\t<\/span>\n\t\t\t\t\t<\/a>\n\t\t\t\t<\/div>\n\t\t\t\t\t\t\t\t<\/div>\n\t\t\t\t<\/div>\n\t\t\t\t\t<\/div>\n\t\t<\/div>\n\t\t\t\t\t<\/div>\n\t\t<\/section>\n\t\t\t\t<section class=\"elementor-section elementor-top-section elementor-element elementor-element-2d1cb53 elementor-section-boxed elementor-section-height-default elementor-section-height-default\" data-id=\"2d1cb53\" data-element_type=\"section\">\n\t\t\t\t\t\t<div class=\"elementor-container elementor-column-gap-default\">\n\t\t\t\t\t<div class=\"elementor-column elementor-col-33 elementor-top-column elementor-element elementor-element-c8b33e7\" data-id=\"c8b33e7\" data-element_type=\"column\">\n\t\t\t<div class=\"elementor-widget-wrap elementor-element-populated\">\n\t\t\t\t\t\t<div class=\"elementor-element elementor-element-92e0922 elementor-widget elementor-widget-image\" data-id=\"92e0922\" data-element_type=\"widget\" data-widget_type=\"image.default\">\n\t\t\t\t<div class=\"elementor-widget-container\">\n\t\t\t\t\t\t\t\t\t\t\t\t\t\t\t<img fetchpriority=\"high\" decoding=\"async\" width=\"222\" height=\"300\" src=\"https:\/\/i0.wp.com\/geolatinas.org\/wp-content\/uploads\/2024\/01\/GLC_ENG.png?fit=222%2C300&amp;ssl=1\" class=\"attachment-medium size-medium wp-image-1948\" alt=\"\" srcset=\"https:\/\/i0.wp.com\/geolatinas.org\/wp-content\/uploads\/2024\/01\/GLC_ENG.png?w=326&amp;ssl=1 326w, https:\/\/i0.wp.com\/geolatinas.org\/wp-content\/uploads\/2024\/01\/GLC_ENG.png?resize=222%2C300&amp;ssl=1 222w, https:\/\/i0.wp.com\/geolatinas.org\/wp-content\/uploads\/2024\/01\/GLC_ENG.png?resize=150%2C203&amp;ssl=1 150w, https:\/\/i0.wp.com\/geolatinas.org\/wp-content\/uploads\/2024\/01\/GLC_ENG.png?resize=9%2C12&amp;ssl=1 9w\" sizes=\"(max-width: 222px) 100vw, 222px\" \/>\t\t\t\t\t\t\t\t\t\t\t\t\t\t\t<\/div>\n\t\t\t\t<\/div>\n\t\t\t\t<div class=\"elementor-element elementor-element-77c9d6d elementor-widget__width-initial elementor-widget elementor-widget-text-editor\" data-id=\"77c9d6d\" data-element_type=\"widget\" data-widget_type=\"text-editor.default\">\n\t\t\t\t<div class=\"elementor-widget-container\">\n\t\t\t\t\t\t\t\t\t<p><a href=\"https:\/\/geolatinas.org\/es\/glc-geolatinas-leadership-council\/\" data-type=\"page\" data-id=\"646\">El consejo de liderazgo (GLC)<\/a>\u00a0Es el n\u00facleo de GeoLatinas. Estos miembros participan y crean iniciativas. Puedes ser un l\u00edder de GeoLatinas si:<\/p>\t\t\t\t\t\t\t\t<\/div>\n\t\t\t\t<\/div>\n\t\t\t\t<div class=\"elementor-element elementor-element-de23b18 elementor-widget__width-initial elementor-widget elementor-widget-text-editor\" data-id=\"de23b18\" data-element_type=\"widget\" data-widget_type=\"text-editor.default\">\n\t\t\t\t<div class=\"elementor-widget-container\">\n\t\t\t\t\t\t\t\t\t<ul>\n<li>\u00a1Tienes una idea para una iniciativa y quieres liderar un equipo!<\/li>\n<li>Le gustar\u00eda mejorar sus habilidades de liderazgo trabajando en\u00a0<a href=\"https:\/\/geolatinas.org\/es\/glc-geolatinas-leadership-council\/\" data-type=\"page\" data-id=\"646\">comit\u00e9s existentes\u00a0<\/a>Estas interesado en.<\/li>\n<\/ul>\t\t\t\t\t\t\t\t<\/div>\n\t\t\t\t<\/div>\n\t\t\t\t<div class=\"elementor-element elementor-element-1ab9b60 elementor-widget elementor-widget-text-editor\" data-id=\"1ab9b60\" data-element_type=\"widget\" data-widget_type=\"text-editor.default\">\n\t\t\t\t<div class=\"elementor-widget-container\">\n\t\t\t\t\t\t\t\t\t<p>Requisitos: <em><strong>alguien<\/strong><\/em>\u00a0puede ser l\u00edder y\/o voluntario del GLC. Sin embargo, nosotros<em><strong>\u00a0Priorizar a las latinas en roles de liderazgo<\/strong><\/em> y, por defecto, dejar espacio para todos los dem\u00e1s individuos minorizados.<\/p>\t\t\t\t\t\t\t\t<\/div>\n\t\t\t\t<\/div>\n\t\t\t\t\t<\/div>\n\t\t<\/div>\n\t\t\t\t<div class=\"elementor-column elementor-col-33 elementor-top-column elementor-element elementor-element-d4d61e8\" data-id=\"d4d61e8\" data-element_type=\"column\">\n\t\t\t<div class=\"elementor-widget-wrap elementor-element-populated\">\n\t\t\t\t\t\t<div class=\"elementor-element elementor-element-d853dd1 elementor-widget elementor-widget-image\" data-id=\"d853dd1\" data-element_type=\"widget\" data-widget_type=\"image.default\">\n\t\t\t\t<div class=\"elementor-widget-container\">\n\t\t\t\t\t\t\t\t\t\t\t\t\t\t\t<img decoding=\"async\" width=\"220\" height=\"300\" src=\"https:\/\/i0.wp.com\/geolatinas.org\/wp-content\/uploads\/2024\/01\/GLT_ENG.png?fit=220%2C300&amp;ssl=1\" class=\"attachment-medium size-medium wp-image-1949\" alt=\"\" srcset=\"https:\/\/i0.wp.com\/geolatinas.org\/wp-content\/uploads\/2024\/01\/GLT_ENG.png?w=315&amp;ssl=1 315w, https:\/\/i0.wp.com\/geolatinas.org\/wp-content\/uploads\/2024\/01\/GLT_ENG.png?resize=220%2C300&amp;ssl=1 220w, https:\/\/i0.wp.com\/geolatinas.org\/wp-content\/uploads\/2024\/01\/GLT_ENG.png?resize=150%2C204&amp;ssl=1 150w, https:\/\/i0.wp.com\/geolatinas.org\/wp-content\/uploads\/2024\/01\/GLT_ENG.png?resize=9%2C12&amp;ssl=1 9w\" sizes=\"(max-width: 220px) 100vw, 220px\" \/>\t\t\t\t\t\t\t\t\t\t\t\t\t\t\t<\/div>\n\t\t\t\t<\/div>\n\t\t\t\t<div class=\"elementor-element elementor-element-1aa44a2 elementor-widget__width-initial elementor-widget elementor-widget-text-editor\" data-id=\"1aa44a2\" data-element_type=\"widget\" data-widget_type=\"text-editor.default\">\n\t\t\t\t<div class=\"elementor-widget-container\">\n\t\t\t\t\t\t\t\t\t<p><b>El<\/b>&nbsp;<a href=\"https:\/\/geolatinas.org\/es\/geolatinas-local-teams\/\" data-type=\"page\" data-id=\"811\">Equipos Locales de GeoLatinas (GLT)<\/a>&nbsp;Son un grupo de personas en una universidad o lugar de trabajo en particular. Para formar parte de un GLT, puedes:<\/p>\n<ul>\n<\/ul>\t\t\t\t\t\t\t\t<\/div>\n\t\t\t\t<\/div>\n\t\t\t\t<div class=\"elementor-element elementor-element-e478702 elementor-widget__width-initial elementor-widget elementor-widget-text-editor\" data-id=\"e478702\" data-element_type=\"widget\" data-widget_type=\"text-editor.default\">\n\t\t\t\t<div class=\"elementor-widget-container\">\n\t\t\t\t\t\t\t\t\t<ul><li>Inicia un nuevo GLT en tu universidad o ciudad y crea tus propios eventos e iniciativas.<\/li>\n<li>\u00danase a una cuenta existente&nbsp;<a href=\"https:\/\/geolatinas.org\/es\/geolatinas-local-teams\/\" target=\"_blank\" rel=\"noopener\">GLT<\/a>&nbsp;Est\u00e1s interesado en unirte.<\/li>\n<\/ul>\n<ul>\n<\/ul>\t\t\t\t\t\t\t\t<\/div>\n\t\t\t\t<\/div>\n\t\t\t\t<div class=\"elementor-element elementor-element-f04cae3 elementor-widget elementor-widget-text-editor\" data-id=\"f04cae3\" data-element_type=\"widget\" data-widget_type=\"text-editor.default\">\n\t\t\t\t<div class=\"elementor-widget-container\">\n\t\t\t\t\t\t\t\t\t<p>Requisitos: solo pedimos que dentro de los 6 meses de formada,\u00a0<em><strong>50% del liderazgo<\/strong><\/em>\u00a0(no membres\u00eda) est\u00e1 hecho de\u00a0<em><strong>Latinas en Ciencias de la Tierra y Planetarias<\/strong><\/em>.<\/p>\t\t\t\t\t\t\t\t<\/div>\n\t\t\t\t<\/div>\n\t\t\t\t\t<\/div>\n\t\t<\/div>\n\t\t\t\t<div class=\"elementor-column elementor-col-33 elementor-top-column elementor-element elementor-element-8e3594b\" data-id=\"8e3594b\" data-element_type=\"column\">\n\t\t\t<div class=\"elementor-widget-wrap elementor-element-populated\">\n\t\t\t\t\t\t<div class=\"elementor-element elementor-element-26dda70 elementor-widget elementor-widget-image\" data-id=\"26dda70\" data-element_type=\"widget\" data-widget_type=\"image.default\">\n\t\t\t\t<div class=\"elementor-widget-container\">\n\t\t\t\t\t\t\t\t\t\t\t\t\t\t\t<img decoding=\"async\" width=\"220\" height=\"300\" src=\"https:\/\/i0.wp.com\/geolatinas.org\/wp-content\/uploads\/2024\/01\/GA_ENG.png?fit=220%2C300&amp;ssl=1\" class=\"attachment-medium size-medium wp-image-1946\" alt=\"\" srcset=\"https:\/\/i0.wp.com\/geolatinas.org\/wp-content\/uploads\/2024\/01\/GA_ENG.png?w=315&amp;ssl=1 315w, https:\/\/i0.wp.com\/geolatinas.org\/wp-content\/uploads\/2024\/01\/GA_ENG.png?resize=220%2C300&amp;ssl=1 220w, https:\/\/i0.wp.com\/geolatinas.org\/wp-content\/uploads\/2024\/01\/GA_ENG.png?resize=150%2C205&amp;ssl=1 150w, https:\/\/i0.wp.com\/geolatinas.org\/wp-content\/uploads\/2024\/01\/GA_ENG.png?resize=9%2C12&amp;ssl=1 9w\" sizes=\"(max-width: 220px) 100vw, 220px\" \/>\t\t\t\t\t\t\t\t\t\t\t\t\t\t\t<\/div>\n\t\t\t\t<\/div>\n\t\t\t\t<div class=\"elementor-element elementor-element-37d396f elementor-widget__width-initial elementor-widget elementor-widget-text-editor\" data-id=\"37d396f\" data-element_type=\"widget\" data-widget_type=\"text-editor.default\">\n\t\t\t\t<div class=\"elementor-widget-container\">\n\t\t\t\t\t\t\t\t\t<div class=\"wp-block-column\">\n<p><b>El&nbsp;<\/b><a href=\"https:\/\/geolatinas.weebly.com\/ga---regional-leadership-ambassadors.html\" target=\"_blank\" rel=\"noreferrer noopener\">Embajadores GeoLatinas (GA)&nbsp;<\/a>representar a sus regiones, ayudar a identificar necesidades\/problemas en sus comunidades y organizar eventos locales, etc.&nbsp;<strong>\u00a1Este es un buen lugar para comenzar! <\/strong>T\u00fa puedes ser<b> <\/b>un embajador de GeoLatina si:<\/p>\n<\/div>\t\t\t\t\t\t\t\t<\/div>\n\t\t\t\t<\/div>\n\t\t\t\t<div class=\"elementor-element elementor-element-23b8dde elementor-widget__width-initial elementor-widget elementor-widget-text-editor\" data-id=\"23b8dde\" data-element_type=\"widget\" data-widget_type=\"text-editor.default\">\n\t\t\t\t<div class=\"elementor-widget-container\">\n\t\t\t\t\t\t\t\t\t<ul>\n<li>Est\u00e1s interesado en difundir nuestro mensaje y misi\u00f3n a tu c\u00edrculo<\/li>\n<li>Quieres ser parte de GeoLatinas para explorar lo que m\u00e1s te interesa.<\/li>\n<\/ul>\t\t\t\t\t\t\t\t<\/div>\n\t\t\t\t<\/div>\n\t\t\t\t<div class=\"elementor-element elementor-element-fc78af9 elementor-widget elementor-widget-text-editor\" data-id=\"fc78af9\" data-element_type=\"widget\" data-widget_type=\"text-editor.default\">\n\t\t\t\t<div class=\"elementor-widget-container\">\n\t\t\t\t\t\t\t\t\t<p>Requisitos: embajadores\u00a0<em><strong>debe ser latina en Ciencias de la Tierra y Planetarias.<\/strong><\/em><\/p>\t\t\t\t\t\t\t\t<\/div>\n\t\t\t\t<\/div>\n\t\t\t\t\t<\/div>\n\t\t<\/div>\n\t\t\t\t\t<\/div>\n\t\t<\/section>\n\t\t\t\t<section class=\"elementor-section elementor-top-section elementor-element elementor-element-a0806bf elementor-section-boxed elementor-section-height-default elementor-section-height-default\" data-id=\"a0806bf\" data-element_type=\"section\">\n\t\t\t\t\t\t<div class=\"elementor-container elementor-column-gap-default\">\n\t\t\t\t\t<div class=\"elementor-column elementor-col-100 elementor-top-column elementor-element elementor-element-ce542e6\" data-id=\"ce542e6\" data-element_type=\"column\">\n\t\t\t<div class=\"elementor-widget-wrap elementor-element-populated\">\n\t\t\t\t\t\t<div class=\"elementor-element elementor-element-750a7b9 elementor-widget-divider--view-line elementor-widget elementor-widget-divider\" data-id=\"750a7b9\" data-element_type=\"widget\" data-widget_type=\"divider.default\">\n\t\t\t\t<div class=\"elementor-widget-container\">\n\t\t\t\t\t\t\t<div class=\"elementor-divider\">\n\t\t\t<span class=\"elementor-divider-separator\">\n\t\t\t\t\t\t<\/span>\n\t\t<\/div>\n\t\t\t\t\t\t<\/div>\n\t\t\t\t<\/div>\n\t\t\t\t\t<\/div>\n\t\t<\/div>\n\t\t\t\t\t<\/div>\n\t\t<\/section>\n\t\t\t\t<section class=\"elementor-section elementor-top-section elementor-element elementor-element-11b8e26 elementor-section-boxed elementor-section-height-default elementor-section-height-default\" data-id=\"11b8e26\" data-element_type=\"section\">\n\t\t\t\t\t\t<div class=\"elementor-container elementor-column-gap-default\">\n\t\t\t\t\t<div class=\"elementor-column elementor-col-50 elementor-top-column elementor-element elementor-element-6725282\" data-id=\"6725282\" data-element_type=\"column\">\n\t\t\t<div class=\"elementor-widget-wrap elementor-element-populated\">\n\t\t\t\t\t\t<div class=\"elementor-element elementor-element-17d706b elementor-align-center elementor-widget elementor-widget-button\" data-id=\"17d706b\" data-element_type=\"widget\" data-widget_type=\"button.default\">\n\t\t\t\t<div class=\"elementor-widget-container\">\n\t\t\t\t\t\t\t\t\t<div class=\"elementor-button-wrapper\">\n\t\t\t\t\t<a class=\"elementor-button elementor-button-link elementor-size-md\" href=\"https:\/\/geolatinas.org\/es\/member-resources\/\">\n\t\t\t\t\t\t<span class=\"elementor-button-content-wrapper\">\n\t\t\t\t\t\t<span class=\"elementor-button-icon\">\n\t\t\t\t<i aria-hidden=\"true\" class=\"fas fa-link\"><\/i>\t\t\t<\/span>\n\t\t\t\t\t\t\t\t\t<span class=\"elementor-button-text\">Beneficios para los miembros<\/span>\n\t\t\t\t\t<\/span>\n\t\t\t\t\t<\/a>\n\t\t\t\t<\/div>\n\t\t\t\t\t\t\t\t<\/div>\n\t\t\t\t<\/div>\n\t\t\t\t\t<\/div>\n\t\t<\/div>\n\t\t\t\t<div class=\"elementor-column elementor-col-50 elementor-top-column elementor-element elementor-element-6c26638\" data-id=\"6c26638\" data-element_type=\"column\">\n\t\t\t<div class=\"elementor-widget-wrap elementor-element-populated\">\n\t\t\t\t\t\t<div class=\"elementor-element elementor-element-da7657e elementor-align-center elementor-widget elementor-widget-button\" data-id=\"da7657e\" data-element_type=\"widget\" data-widget_type=\"button.default\">\n\t\t\t\t<div class=\"elementor-widget-container\">\n\t\t\t\t\t\t\t\t\t<div class=\"elementor-button-wrapper\">\n\t\t\t\t\t<a class=\"elementor-button elementor-button-link elementor-size-md\" href=\"https:\/\/geolatinas.org\/es\/contact\/\">\n\t\t\t\t\t\t<span class=\"elementor-button-content-wrapper\">\n\t\t\t\t\t\t<span class=\"elementor-button-icon\">\n\t\t\t\t<i aria-hidden=\"true\" class=\"fas fa-link\"><\/i>\t\t\t<\/span>\n\t\t\t\t\t\t\t\t\t<span class=\"elementor-button-text\">Otras formas de participar<\/span>\n\t\t\t\t\t<\/span>\n\t\t\t\t\t<\/a>\n\t\t\t\t<\/div>\n\t\t\t\t\t\t\t\t<\/div>\n\t\t\t\t<\/div>\n\t\t\t\t\t<\/div>\n\t\t<\/div>\n\t\t\t\t\t<\/div>\n\t\t<\/section>\n\t\t\t\t<\/div>","protected":false},"excerpt":{"rendered":"<p>&#8230;..Our group can be a vehicle for you to try new things, to lead something you are passionate about, or simply to be there, to provide inspiration and company when you need it &#8221;&nbsp;Roc\u00edo Caballero Gill &#8211; GeoLatinas co-founder We are thrilled that you want to be part of GeoLatinas.<span class=\"more-link\"><a href=\"https:\/\/geolatinas.org\/es\/become-a-member\/\">Sigue leyendo<\/a><\/span><\/p>","protected":false},"author":4,"featured_media":1957,"parent":0,"menu_order":0,"comment_status":"closed","ping_status":"closed","template":"","meta":{"om_disable_all_campaigns":false,"_monsterinsights_skip_tracking":false,"_monsterinsights_sitenote_active":false,"_monsterinsights_sitenote_note":"","_monsterinsights_sitenote_category":0,"footnotes":""},"class_list":["entry","author-abalza","post-709","page","type-page","status-publish","has-post-thumbnail"],"aioseo_notices":[],"jetpack_sharing_enabled":true,"_links":{"self":[{"href":"https:\/\/geolatinas.org\/es\/wp-json\/wp\/v2\/pages\/709","targetHints":{"allow":["GET"]}}],"collection":[{"href":"https:\/\/geolatinas.org\/es\/wp-json\/wp\/v2\/pages"}],"about":[{"href":"https:\/\/geolatinas.org\/es\/wp-json\/wp\/v2\/types\/page"}],"author":[{"embeddable":true,"href":"https:\/\/geolatinas.org\/es\/wp-json\/wp\/v2\/users\/4"}],"replies":[{"embeddable":true,"href":"https:\/\/geolatinas.org\/es\/wp-json\/wp\/v2\/comments?post=709"}],"version-history":[{"count":45,"href":"https:\/\/geolatinas.org\/es\/wp-json\/wp\/v2\/pages\/709\/revisions"}],"predecessor-version":[{"id":2047,"href":"https:\/\/geolatinas.org\/es\/wp-json\/wp\/v2\/pages\/709\/revisions\/2047"}],"wp:featuredmedia":[{"embeddable":true,"href":"https:\/\/geolatinas.org\/es\/wp-json\/wp\/v2\/media\/1957"}],"wp:attachment":[{"href":"https:\/\/geolatinas.org\/es\/wp-json\/wp\/v2\/media?parent=709"}],"curies":[{"name":"wp","href":"https:\/\/api.w.org\/{rel}","templated":true}]}}