{"id":842,"date":"2020-09-22T05:00:22","date_gmt":"2020-09-22T05:00:22","guid":{"rendered":"http:\/\/box2141.temp.domains\/~geolatin\/?page_id=842"},"modified":"2024-01-24T14:45:03","modified_gmt":"2024-01-24T14:45:03","slug":"geolatinas-ambassadors","status":"publish","type":"page","link":"https:\/\/geolatinas.org\/es\/geolatinas-ambassadors\/","title":{"rendered":"Embajadoras GeoLatinas"},"content":{"rendered":"<div class=\"flourish-embed flourish-map\" data-src=\"visualisation\/3801265\"><script src=\"https:\/\/public.flourish.studio\/resources\/embed.js\"><\/script><\/div>\n\n\n<h1 class=\"fonts-plugin-block\" style=\"text-align: center\">Embajadoras GeoLatinas<\/h1>\n\n\n<p class=\"has-text-align-center has-medium-font-size\">Nuestros Embajadores nos representan como grupo y nuestra misi\u00f3n, en regiones con pocos miembros de GeoLatinas. Los embajadores nos ayudan a identificar las necesidades seg\u00fan la regi\u00f3n, organizar eventos locales, entre otras cosas. Si est\u00e1 interesado en ser embajador, simplemente complete el formulario &quot;<a href=\"http:\/\/bit.ly\/Join_GeoLatinas_2021\" data-type=\"URL\" data-id=\"http:\/\/bit.ly\/Join_GeoLatinas_2021\">Hazte miembro<\/a>\u201dY elija GA para el paso ??. Tenemos informaci\u00f3n \u00fatil en un documento p\u00fablico, as\u00ed como plantillas \u00fatiles en una carpeta compartida.<\/p>\n\n\n\n<div class=\"wp-block-buttons aligncenter is-layout-flex wp-block-buttons-is-layout-flex\">\n<div class=\"wp-block-button\"><a class=\"wp-block-button__link has-white-color has-text-color has-background\" href=\"http:\/\/bit.ly\/Join_GeoLatinas_2021\" style=\"background-color:#8a5082\" target=\"_blank\" rel=\"noreferrer noopener\">Convi\u00e9rtete en Embajador de GeoLatina<\/a><\/div>\n<\/div>\n\n\n\n<div class=\"wp-block-image\"><figure class=\"aligncenter size-large is-resized\"><img data-recalc-dims=\"1\" fetchpriority=\"high\" decoding=\"async\" src=\"https:\/\/i0.wp.com\/geolatinas.org\/wp-content\/uploads\/2020\/09\/13.png?resize=323%2C323&#038;ssl=1\" alt=\"\" class=\"wp-image-773\" width=\"323\" height=\"323\" srcset=\"https:\/\/i0.wp.com\/geolatinas.org\/wp-content\/uploads\/2020\/09\/13.png?resize=1024%2C1024&amp;ssl=1 1024w, https:\/\/i0.wp.com\/geolatinas.org\/wp-content\/uploads\/2020\/09\/13.png?resize=300%2C300&amp;ssl=1 300w, https:\/\/i0.wp.com\/geolatinas.org\/wp-content\/uploads\/2020\/09\/13.png?resize=150%2C150&amp;ssl=1 150w, https:\/\/i0.wp.com\/geolatinas.org\/wp-content\/uploads\/2020\/09\/13.png?resize=768%2C768&amp;ssl=1 768w, https:\/\/i0.wp.com\/geolatinas.org\/wp-content\/uploads\/2020\/09\/13.png?resize=465%2C465&amp;ssl=1 465w, https:\/\/i0.wp.com\/geolatinas.org\/wp-content\/uploads\/2020\/09\/13.png?resize=500%2C500&amp;ssl=1 500w, https:\/\/i0.wp.com\/geolatinas.org\/wp-content\/uploads\/2020\/09\/13.png?w=1080&amp;ssl=1 1080w\" sizes=\"(max-width: 323px) 100vw, 323px\" \/><\/figure><\/div>\n\n\n\n<div class=\"wp-block-image\"><figure class=\"aligncenter is-resized\"><img data-recalc-dims=\"1\" decoding=\"async\" src=\"https:\/\/i0.wp.com\/geolatinas.weebly.com\/uploads\/1\/2\/4\/6\/124680710\/embajadoras1_orig.png?resize=662%2C373&#038;ssl=1\" alt=\"Picture\" width=\"662\" height=\"373\"\/><\/figure><\/div>\n\n\n\n<div class=\"wp-block-image\"><figure class=\"aligncenter is-resized\"><img data-recalc-dims=\"1\" decoding=\"async\" src=\"https:\/\/i0.wp.com\/geolatinas.weebly.com\/uploads\/1\/2\/4\/6\/124680710\/embajadoras2_orig.png?resize=663%2C373&#038;ssl=1\" alt=\"Picture\" width=\"663\" height=\"373\"\/><\/figure><\/div>","protected":false},"excerpt":{"rendered":"<p>Our Ambassadors represent us as a group and our mission, in regions with low numbers of GeoLatinas members. Ambassadors\u00a0\u200bhelp us identify needs based on region, organize local events, among other things. If you are interested in being an ambassador, simply fill out the form &#8220;Become a Member&#8221; and choose GA<span class=\"more-link\"><a href=\"https:\/\/geolatinas.org\/es\/geolatinas-ambassadors\/\">Sigue leyendo<\/a><\/span><\/p>","protected":false},"author":4,"featured_media":2035,"parent":0,"menu_order":0,"comment_status":"closed","ping_status":"closed","template":"","meta":{"om_disable_all_campaigns":false,"_monsterinsights_skip_tracking":false,"_monsterinsights_sitenote_active":false,"_monsterinsights_sitenote_note":"","_monsterinsights_sitenote_category":0,"footnotes":""},"class_list":["entry","author-abalza","post-842","page","type-page","status-publish","has-post-thumbnail"],"aioseo_notices":[],"jetpack_sharing_enabled":true,"_links":{"self":[{"href":"https:\/\/geolatinas.org\/es\/wp-json\/wp\/v2\/pages\/842","targetHints":{"allow":["GET"]}}],"collection":[{"href":"https:\/\/geolatinas.org\/es\/wp-json\/wp\/v2\/pages"}],"about":[{"href":"https:\/\/geolatinas.org\/es\/wp-json\/wp\/v2\/types\/page"}],"author":[{"embeddable":true,"href":"https:\/\/geolatinas.org\/es\/wp-json\/wp\/v2\/users\/4"}],"replies":[{"embeddable":true,"href":"https:\/\/geolatinas.org\/es\/wp-json\/wp\/v2\/comments?post=842"}],"version-history":[{"count":7,"href":"https:\/\/geolatinas.org\/es\/wp-json\/wp\/v2\/pages\/842\/revisions"}],"predecessor-version":[{"id":1421,"href":"https:\/\/geolatinas.org\/es\/wp-json\/wp\/v2\/pages\/842\/revisions\/1421"}],"wp:featuredmedia":[{"embeddable":true,"href":"https:\/\/geolatinas.org\/es\/wp-json\/wp\/v2\/media\/2035"}],"wp:attachment":[{"href":"https:\/\/geolatinas.org\/es\/wp-json\/wp\/v2\/media?parent=842"}],"curies":[{"name":"wp","href":"https:\/\/api.w.org\/{rel}","templated":true}]}}