{"id":2296,"date":"2025-07-29T11:29:56","date_gmt":"2025-07-29T11:29:56","guid":{"rendered":"https:\/\/geolatinas.org\/?page_id=2296"},"modified":"2025-07-29T13:43:09","modified_gmt":"2025-07-29T13:43:09","slug":"initiatives-highlights","status":"publish","type":"page","link":"https:\/\/geolatinas.org\/pt\/initiatives-highlights\/","title":{"rendered":"Initiatives Highlights"},"content":{"rendered":"<div data-elementor-type=\"wp-page\" data-elementor-id=\"2296\" class=\"elementor elementor-2296\">\n\t\t\t\t\t\t<section class=\"elementor-section elementor-top-section elementor-element elementor-element-e6cf992 elementor-section-boxed elementor-section-height-default elementor-section-height-default\" data-id=\"e6cf992\" data-element_type=\"section\">\n\t\t\t\t\t\t<div class=\"elementor-container elementor-column-gap-default\">\n\t\t\t\t\t<div class=\"elementor-column elementor-col-100 elementor-top-column elementor-element elementor-element-5585a2a\" data-id=\"5585a2a\" data-element_type=\"column\">\n\t\t\t<div class=\"elementor-widget-wrap elementor-element-populated\">\n\t\t\t\t\t\t<div class=\"elementor-element elementor-element-a1fa0d2 elementor-widget elementor-widget-image\" data-id=\"a1fa0d2\" data-element_type=\"widget\" data-widget_type=\"image.default\">\n\t\t\t\t<div class=\"elementor-widget-container\">\n\t\t\t\t\t\t\t\t\t\t\t\t\t\t\t<img fetchpriority=\"high\" decoding=\"async\" width=\"1024\" height=\"576\" src=\"https:\/\/i0.wp.com\/geolatinas.org\/wp-content\/uploads\/2024\/01\/Initiatives.png?fit=1024%2C576&amp;ssl=1\" class=\"attachment-large size-large wp-image-2129\" alt=\"\" srcset=\"https:\/\/i0.wp.com\/geolatinas.org\/wp-content\/uploads\/2024\/01\/Initiatives.png?w=1920&amp;ssl=1 1920w, https:\/\/i0.wp.com\/geolatinas.org\/wp-content\/uploads\/2024\/01\/Initiatives.png?resize=300%2C169&amp;ssl=1 300w, https:\/\/i0.wp.com\/geolatinas.org\/wp-content\/uploads\/2024\/01\/Initiatives.png?resize=1024%2C576&amp;ssl=1 1024w, https:\/\/i0.wp.com\/geolatinas.org\/wp-content\/uploads\/2024\/01\/Initiatives.png?resize=150%2C84&amp;ssl=1 150w, https:\/\/i0.wp.com\/geolatinas.org\/wp-content\/uploads\/2024\/01\/Initiatives.png?resize=768%2C432&amp;ssl=1 768w, https:\/\/i0.wp.com\/geolatinas.org\/wp-content\/uploads\/2024\/01\/Initiatives.png?resize=1536%2C864&amp;ssl=1 1536w, https:\/\/i0.wp.com\/geolatinas.org\/wp-content\/uploads\/2024\/01\/Initiatives.png?resize=18%2C10&amp;ssl=1 18w, https:\/\/i0.wp.com\/geolatinas.org\/wp-content\/uploads\/2024\/01\/Initiatives.png?resize=465%2C262&amp;ssl=1 465w, https:\/\/i0.wp.com\/geolatinas.org\/wp-content\/uploads\/2024\/01\/Initiatives.png?resize=695%2C391&amp;ssl=1 695w\" sizes=\"(max-width: 1024px) 100vw, 1024px\" \/>\t\t\t\t\t\t\t\t\t\t\t\t\t\t\t<\/div>\n\t\t\t\t<\/div>\n\t\t\t\t\t<\/div>\n\t\t<\/div>\n\t\t\t\t\t<\/div>\n\t\t<\/section>\n\t\t\t\t<section class=\"elementor-section elementor-top-section elementor-element elementor-element-cc36a8b elementor-section-boxed elementor-section-height-default elementor-section-height-default\" data-id=\"cc36a8b\" data-element_type=\"section\">\n\t\t\t\t\t\t<div class=\"elementor-container elementor-column-gap-default\">\n\t\t\t\t\t<div class=\"elementor-column elementor-col-50 elementor-top-column elementor-element elementor-element-3dede91\" data-id=\"3dede91\" data-element_type=\"column\">\n\t\t\t<div class=\"elementor-widget-wrap elementor-element-populated\">\n\t\t\t\t\t\t<div class=\"elementor-element elementor-element-5bb5f8d elementor-widget elementor-widget-text-editor\" data-id=\"5bb5f8d\" data-element_type=\"widget\" data-widget_type=\"text-editor.default\">\n\t\t\t\t<div class=\"elementor-widget-container\">\n\t\t\t\t\t\t\t\t\t<h1><strong>Lealo en la Revista Maya de Mayo 2025!<\/strong><\/h1><h2><strong>T<\/strong><strong>res a\u00f1os de GeoSeminarios: Fomentando la divulgaci\u00f3n de la ciencia y la colaboraci\u00f3n en las Geociencias con GeoLatinas<\/strong><\/h2><h6>Materano-Escalona Lisbeth S., Mar\u00eda Cristina Arrieta Matinez, Vania Amaro Redonda, Nadia Linneth\u00a0Gonz\u00e1lez Cuevas<\/h6>\t\t\t\t\t\t\t\t<\/div>\n\t\t\t\t<\/div>\n\t\t\t\t\t<\/div>\n\t\t<\/div>\n\t\t\t\t<div class=\"elementor-column elementor-col-50 elementor-top-column elementor-element elementor-element-b8542be\" data-id=\"b8542be\" data-element_type=\"column\">\n\t\t\t<div class=\"elementor-widget-wrap elementor-element-populated\">\n\t\t\t\t\t\t<div class=\"elementor-element elementor-element-5668950 elementor-widget elementor-widget-image\" data-id=\"5668950\" data-element_type=\"widget\" data-widget_type=\"image.default\">\n\t\t\t\t<div class=\"elementor-widget-container\">\n\t\t\t\t\t\t\t\t\t\t\t\t\t\t\t<img decoding=\"async\" width=\"907\" height=\"909\" src=\"https:\/\/i0.wp.com\/geolatinas.org\/wp-content\/uploads\/2025\/07\/GeoSeminariosStats.png?fit=907%2C909&amp;ssl=1\" class=\"attachment-large size-large wp-image-2297\" alt=\"\" srcset=\"https:\/\/i0.wp.com\/geolatinas.org\/wp-content\/uploads\/2025\/07\/GeoSeminariosStats.png?w=907&amp;ssl=1 907w, https:\/\/i0.wp.com\/geolatinas.org\/wp-content\/uploads\/2025\/07\/GeoSeminariosStats.png?resize=300%2C300&amp;ssl=1 300w, https:\/\/i0.wp.com\/geolatinas.org\/wp-content\/uploads\/2025\/07\/GeoSeminariosStats.png?resize=150%2C150&amp;ssl=1 150w, https:\/\/i0.wp.com\/geolatinas.org\/wp-content\/uploads\/2025\/07\/GeoSeminariosStats.png?resize=768%2C770&amp;ssl=1 768w, https:\/\/i0.wp.com\/geolatinas.org\/wp-content\/uploads\/2025\/07\/GeoSeminariosStats.png?resize=12%2C12&amp;ssl=1 12w, https:\/\/i0.wp.com\/geolatinas.org\/wp-content\/uploads\/2025\/07\/GeoSeminariosStats.png?resize=465%2C466&amp;ssl=1 465w, https:\/\/i0.wp.com\/geolatinas.org\/wp-content\/uploads\/2025\/07\/GeoSeminariosStats.png?resize=499%2C500&amp;ssl=1 499w\" sizes=\"(max-width: 907px) 100vw, 907px\" \/>\t\t\t\t\t\t\t\t\t\t\t\t\t\t\t<\/div>\n\t\t\t\t<\/div>\n\t\t\t\t\t<\/div>\n\t\t<\/div>\n\t\t\t\t\t<\/div>\n\t\t<\/section>\n\t\t\t\t<section class=\"elementor-section elementor-top-section elementor-element elementor-element-9fbeb8f elementor-section-boxed elementor-section-height-default elementor-section-height-default\" data-id=\"9fbeb8f\" data-element_type=\"section\">\n\t\t\t\t\t\t<div class=\"elementor-container elementor-column-gap-default\">\n\t\t\t\t\t<div class=\"elementor-column elementor-col-100 elementor-top-column elementor-element elementor-element-8b04584\" data-id=\"8b04584\" data-element_type=\"column\">\n\t\t\t<div class=\"elementor-widget-wrap elementor-element-populated\">\n\t\t\t\t\t\t<div class=\"elementor-element elementor-element-66ffc3f elementor-align-center elementor-widget elementor-widget-button\" data-id=\"66ffc3f\" data-element_type=\"widget\" data-widget_type=\"button.default\">\n\t\t\t\t<div class=\"elementor-widget-container\">\n\t\t\t\t\t\t\t\t\t<div class=\"elementor-button-wrapper\">\n\t\t\t\t\t<a class=\"elementor-button elementor-button-link elementor-size-sm\" href=\"https:\/\/onlinelibrary.wiley.com\/doi\/10.1029\/2023CSJ000070\">\n\t\t\t\t\t\t<span class=\"elementor-button-content-wrapper\">\n\t\t\t\t\t\t\t\t\t<span class=\"elementor-button-text\">Read our latest publication at Community Science!<\/span>\n\t\t\t\t\t<\/span>\n\t\t\t\t\t<\/a>\n\t\t\t\t<\/div>\n\t\t\t\t\t\t\t\t<\/div>\n\t\t\t\t<\/div>\n\t\t\t\t<div class=\"elementor-element elementor-element-227af52 elementor-widget elementor-widget-image\" data-id=\"227af52\" data-element_type=\"widget\" data-widget_type=\"image.default\">\n\t\t\t\t<div class=\"elementor-widget-container\">\n\t\t\t\t\t\t\t\t\t\t\t\t\t\t\t<img decoding=\"async\" width=\"1024\" height=\"576\" src=\"https:\/\/i0.wp.com\/geolatinas.org\/wp-content\/uploads\/2025\/07\/GeoTraductores.png?fit=1024%2C576&amp;ssl=1\" class=\"attachment-large size-large wp-image-2298\" alt=\"\" srcset=\"https:\/\/i0.wp.com\/geolatinas.org\/wp-content\/uploads\/2025\/07\/GeoTraductores.png?w=1920&amp;ssl=1 1920w, https:\/\/i0.wp.com\/geolatinas.org\/wp-content\/uploads\/2025\/07\/GeoTraductores.png?resize=300%2C169&amp;ssl=1 300w, https:\/\/i0.wp.com\/geolatinas.org\/wp-content\/uploads\/2025\/07\/GeoTraductores.png?resize=1024%2C576&amp;ssl=1 1024w, https:\/\/i0.wp.com\/geolatinas.org\/wp-content\/uploads\/2025\/07\/GeoTraductores.png?resize=150%2C84&amp;ssl=1 150w, https:\/\/i0.wp.com\/geolatinas.org\/wp-content\/uploads\/2025\/07\/GeoTraductores.png?resize=768%2C432&amp;ssl=1 768w, https:\/\/i0.wp.com\/geolatinas.org\/wp-content\/uploads\/2025\/07\/GeoTraductores.png?resize=1536%2C864&amp;ssl=1 1536w, https:\/\/i0.wp.com\/geolatinas.org\/wp-content\/uploads\/2025\/07\/GeoTraductores.png?resize=18%2C10&amp;ssl=1 18w, https:\/\/i0.wp.com\/geolatinas.org\/wp-content\/uploads\/2025\/07\/GeoTraductores.png?resize=465%2C262&amp;ssl=1 465w, https:\/\/i0.wp.com\/geolatinas.org\/wp-content\/uploads\/2025\/07\/GeoTraductores.png?resize=695%2C391&amp;ssl=1 695w\" sizes=\"(max-width: 1024px) 100vw, 1024px\" \/>\t\t\t\t\t\t\t\t\t\t\t\t\t\t\t<\/div>\n\t\t\t\t<\/div>\n\t\t\t\t\t<\/div>\n\t\t<\/div>\n\t\t\t\t\t<\/div>\n\t\t<\/section>\n\t\t\t\t<\/div>","protected":false},"excerpt":{"rendered":"<p>Lealo en la Revista Maya de Mayo 2025! Tres a\u00f1os de GeoSeminarios: Fomentando la divulgaci\u00f3n de la ciencia y la colaboraci\u00f3n en las Geociencias con GeoLatinas Materano-Escalona Lisbeth S., Mar\u00eda Cristina Arrieta Matinez, Vania Amaro Redonda, Nadia Linneth\u00a0Gonz\u00e1lez Cuevas Read our latest publication at Community Science!<span class=\"more-link\"><a href=\"https:\/\/geolatinas.org\/pt\/initiatives-highlights\/\">Continue lendo<\/a><\/span><\/p>","protected":false},"author":4,"featured_media":0,"parent":0,"menu_order":0,"comment_status":"closed","ping_status":"closed","template":"","meta":{"om_disable_all_campaigns":false,"_monsterinsights_skip_tracking":false,"_monsterinsights_sitenote_active":false,"_monsterinsights_sitenote_note":"","_monsterinsights_sitenote_category":0,"footnotes":""},"class_list":["entry","author-abalza","post-2296","page","type-page","status-publish"],"aioseo_notices":[],"jetpack_sharing_enabled":true,"_links":{"self":[{"href":"https:\/\/geolatinas.org\/pt\/wp-json\/wp\/v2\/pages\/2296","targetHints":{"allow":["GET"]}}],"collection":[{"href":"https:\/\/geolatinas.org\/pt\/wp-json\/wp\/v2\/pages"}],"about":[{"href":"https:\/\/geolatinas.org\/pt\/wp-json\/wp\/v2\/types\/page"}],"author":[{"embeddable":true,"href":"https:\/\/geolatinas.org\/pt\/wp-json\/wp\/v2\/users\/4"}],"replies":[{"embeddable":true,"href":"https:\/\/geolatinas.org\/pt\/wp-json\/wp\/v2\/comments?post=2296"}],"version-history":[{"count":7,"href":"https:\/\/geolatinas.org\/pt\/wp-json\/wp\/v2\/pages\/2296\/revisions"}],"predecessor-version":[{"id":2306,"href":"https:\/\/geolatinas.org\/pt\/wp-json\/wp\/v2\/pages\/2296\/revisions\/2306"}],"wp:attachment":[{"href":"https:\/\/geolatinas.org\/pt\/wp-json\/wp\/v2\/media?parent=2296"}],"curies":[{"name":"wp","href":"https:\/\/api.w.org\/{rel}","templated":true}]}}