{"id":383,"date":"2020-06-04T03:21:10","date_gmt":"2020-06-04T03:21:10","guid":{"rendered":"http:\/\/box2141.temp.domains\/~geolatin\/?page_id=383"},"modified":"2021-12-19T21:21:19","modified_gmt":"2021-12-19T21:21:19","slug":"subscribe-news","status":"publish","type":"page","link":"https:\/\/geolatinas.org\/pt\/subscribe-news\/","title":{"rendered":"Assine \/ Not\u00edcias"},"content":{"rendered":"<figure class=\"wp-block-video\"><video height=\"1080\" style=\"aspect-ratio: 1080 \/ 1080;\" width=\"1080\" autoplay controls loop src=\"https:\/\/geolatinas.org\/wp-content\/uploads\/2021\/12\/2021_GeoLatinas-Holidays-End-of-Year-celebration-GIF-1-1.mp4\"><\/video><\/figure>\n\n\n\n<p><\/p>\n\n\n\n<h1 class=\"wp-block-heading\">OUR CURRENT NEWSLETTER ISSUE: <\/h1>\n\n\n\n<div class=\"wp-block-image\"><figure class=\"aligncenter size-large is-resized\"><img data-recalc-dims=\"1\" fetchpriority=\"high\" decoding=\"async\" src=\"https:\/\/i0.wp.com\/geolatinas.org\/wp-content\/uploads\/2020\/11\/fourth.png?resize=553%2C429&#038;ssl=1\" alt=\"\" class=\"wp-image-941\" width=\"553\" height=\"429\" srcset=\"https:\/\/i0.wp.com\/geolatinas.org\/wp-content\/uploads\/2020\/11\/fourth.png?resize=1024%2C796&amp;ssl=1 1024w, https:\/\/i0.wp.com\/geolatinas.org\/wp-content\/uploads\/2020\/11\/fourth.png?resize=300%2C233&amp;ssl=1 300w, https:\/\/i0.wp.com\/geolatinas.org\/wp-content\/uploads\/2020\/11\/fourth.png?resize=150%2C117&amp;ssl=1 150w, https:\/\/i0.wp.com\/geolatinas.org\/wp-content\/uploads\/2020\/11\/fourth.png?resize=768%2C597&amp;ssl=1 768w, https:\/\/i0.wp.com\/geolatinas.org\/wp-content\/uploads\/2020\/11\/fourth.png?resize=465%2C362&amp;ssl=1 465w, https:\/\/i0.wp.com\/geolatinas.org\/wp-content\/uploads\/2020\/11\/fourth.png?resize=643%2C500&amp;ssl=1 643w, https:\/\/i0.wp.com\/geolatinas.org\/wp-content\/uploads\/2020\/11\/fourth.png?w=1079&amp;ssl=1 1079w\" sizes=\"(max-width: 553px) 100vw, 553px\" \/><\/figure><\/div>\n\n\n\n<div style=\"height:100px\" aria-hidden=\"true\" class=\"wp-block-spacer\"><\/div>\n\n\n\n<p><strong>Boletim Informativo Quarta edi\u00e7\u00e3o 2020<br><\/strong>Clique&nbsp;<a rel=\"noreferrer noopener\" href=\"https:\/\/sway.office.com\/fANYKwx67W3vDoCj?ref=Link\" target=\"_blank\">aqui<\/a>&nbsp;para ver a Newsletter \/ Clique&nbsp;<a rel=\"noreferrer noopener\" href=\"https:\/\/sway.office.com\/fANYKwx67W3vDoCj?ref=Link\" target=\"_blank\">aqu\u00ed&nbsp;<\/a>para ver esta edici\u00f3n del Newsletter<br><strong><br>Boletim Informativo Edi\u00e7\u00e3o Especial 2020<\/strong><br>Clique&nbsp;<a rel=\"noreferrer noopener\" href=\"https:\/\/sway.office.com\/oTveG8l04tFDJ1Sa?ref=Link\" target=\"_blank\">aqui<\/a>&nbsp;para ver a edi\u00e7\u00e3o especial do boletim informativo 2020<\/p>\n\n\n\n<p><strong>Boletim informativo de inverno 2019\/2020<\/strong><br>Clique&nbsp;<a href=\"https:\/\/sway.office.com\/BtMXSOK6B6PChaLl?ref=Link\" target=\"_blank\" rel=\"noreferrer noopener\">aqui<\/a>&nbsp;para ver o Boletim Informativo Inverno 2020<br>Vers\u00e3o em espa\u00f1ol&nbsp;<a href=\"https:\/\/sway.office.com\/C1hfRkKMsfBdcqUw?ref=Link\" target=\"_blank\" rel=\"noreferrer noopener\">aqu\u00ed<\/a><\/p>\n\n\n\n<p><strong>Boletim informativo outono de 2019<\/strong><br>Clique&nbsp;<a href=\"https:\/\/sway.office.com\/HqG4LQKb2thqBgn3?ref=Link&amp;loc=play\" target=\"_blank\" rel=\"noreferrer noopener\">aqui<\/a>&nbsp;para ver o boletim informativo do outono de 2019<br>Versi\u00f3n en espa\u00f1ol&nbsp;<a href=\"https:\/\/sway.office.com\/40PT7X6nVBA2mZHo?ref=Link&amp;loc=mysways\" target=\"_blank\" rel=\"noreferrer noopener\">aqu\u00ed<\/a><\/p>\n\n\n\n<div class=\"wp-block-buttons is-content-justification-center is-layout-flex wp-block-buttons-is-layout-flex\">\n<div class=\"wp-block-button\"><a class=\"wp-block-button__link has-background\" href=\"https:\/\/docs.google.com\/forms\/d\/e\/1FAIpQLSdNII0GI0zCjJ3tBxXLftr1AJn0ETcLFnapgBWOlHzkZ6GqDw\/viewform\" style=\"background-color:#758eb7\" target=\"_blank\" rel=\"noreferrer noopener\">CLIQUE AQUI PARA RECEBER NOSSA NEWSLETTER<\/a><\/div>\n<\/div>\n\n\n\n<p class=\"has-text-align-center\">&nbsp;This short form takes&nbsp;~1 minute.<br><\/p>","protected":false},"excerpt":{"rendered":"<p>OUR CURRENT NEWSLETTER ISSUE: Newsletter Fourth edition 2020Click&nbsp;here&nbsp;to see the Newsletter\/Click&nbsp;aqu\u00ed&nbsp;para ver esta edici\u00f3n del NewsletterNewsletter Special Issue 2020Click&nbsp;here&nbsp;to see Newsletter Special Issue 2020 Newsletter Winter 2019\/2020Click&nbsp;here&nbsp;to see the&nbsp;Newsletter Winter 2020Version en espa\u00f1ol&nbsp;aqu\u00ed \u200bNewsletter Fall 2019Click&nbsp;here&nbsp;to see the&nbsp;Newsletter Fall 2019Versi\u00f3n en espa\u00f1ol&nbsp;aqu\u00ed &nbsp;This short form takes&nbsp;~1 minute.<span class=\"more-link\"><a href=\"https:\/\/geolatinas.org\/pt\/subscribe-news\/\">Continue lendo<\/a><\/span><\/p>","protected":false},"author":4,"featured_media":803,"parent":0,"menu_order":0,"comment_status":"closed","ping_status":"closed","template":"","meta":{"om_disable_all_campaigns":false,"_monsterinsights_skip_tracking":false,"_monsterinsights_sitenote_active":false,"_monsterinsights_sitenote_note":"","_monsterinsights_sitenote_category":0,"footnotes":""},"class_list":["entry","author-abalza","post-383","page","type-page","status-publish","has-post-thumbnail"],"aioseo_notices":[],"jetpack_sharing_enabled":true,"_links":{"self":[{"href":"https:\/\/geolatinas.org\/pt\/wp-json\/wp\/v2\/pages\/383","targetHints":{"allow":["GET"]}}],"collection":[{"href":"https:\/\/geolatinas.org\/pt\/wp-json\/wp\/v2\/pages"}],"about":[{"href":"https:\/\/geolatinas.org\/pt\/wp-json\/wp\/v2\/types\/page"}],"author":[{"embeddable":true,"href":"https:\/\/geolatinas.org\/pt\/wp-json\/wp\/v2\/users\/4"}],"replies":[{"embeddable":true,"href":"https:\/\/geolatinas.org\/pt\/wp-json\/wp\/v2\/comments?post=383"}],"version-history":[{"count":5,"href":"https:\/\/geolatinas.org\/pt\/wp-json\/wp\/v2\/pages\/383\/revisions"}],"predecessor-version":[{"id":1763,"href":"https:\/\/geolatinas.org\/pt\/wp-json\/wp\/v2\/pages\/383\/revisions\/1763"}],"wp:featuredmedia":[{"embeddable":true,"href":"https:\/\/geolatinas.org\/pt\/wp-json\/wp\/v2\/media\/803"}],"wp:attachment":[{"href":"https:\/\/geolatinas.org\/pt\/wp-json\/wp\/v2\/media?parent=383"}],"curies":[{"name":"wp","href":"https:\/\/api.w.org\/{rel}","templated":true}]}}