{"id":675,"date":"2020-08-02T00:32:14","date_gmt":"2020-08-02T00:32:14","guid":{"rendered":"http:\/\/box2141.temp.domains\/~geolatin\/?page_id=675"},"modified":"2024-01-24T14:48:22","modified_gmt":"2024-01-24T14:48:22","slug":"board-of-directors","status":"publish","type":"page","link":"https:\/\/geolatinas.org\/pt\/board-of-directors\/","title":{"rendered":"Conselho de Administra\u00e7\u00e3o 2020-2023"},"content":{"rendered":"<div data-elementor-type=\"wp-page\" data-elementor-id=\"675\" class=\"elementor elementor-675\">\n\t\t\t\t\t\t<section class=\"elementor-section elementor-top-section elementor-element elementor-element-e5afc77 elementor-section-boxed elementor-section-height-default elementor-section-height-default\" data-id=\"e5afc77\" data-element_type=\"section\">\n\t\t\t\t\t\t<div class=\"elementor-container elementor-column-gap-default\">\n\t\t\t\t\t<div class=\"elementor-column elementor-col-100 elementor-top-column elementor-element elementor-element-3421a86\" data-id=\"3421a86\" data-element_type=\"column\">\n\t\t\t<div class=\"elementor-widget-wrap elementor-element-populated\">\n\t\t\t\t\t\t<div class=\"elementor-element elementor-element-ae808e7 elementor-widget elementor-widget-text-editor\" data-id=\"ae808e7\" data-element_type=\"widget\" data-widget_type=\"text-editor.default\">\n\t\t\t\t<div class=\"elementor-widget-container\">\n\t\t\t\t\t\t\t\t\t<p><span style=\"font-size: 30px;\">Chair and co-creator<\/span><\/p>\t\t\t\t\t\t\t\t<\/div>\n\t\t\t\t<\/div>\n\t\t\t\t<div class=\"elementor-element elementor-element-8c9f3da elementor-widget elementor-widget-image\" data-id=\"8c9f3da\" data-element_type=\"widget\" data-widget_type=\"image.default\">\n\t\t\t\t<div class=\"elementor-widget-container\">\n\t\t\t\t\t\t\t\t\t\t\t\t\t\t\t<img fetchpriority=\"high\" decoding=\"async\" width=\"300\" height=\"289\" src=\"https:\/\/i0.wp.com\/geolatinas.org\/wp-content\/uploads\/2024\/01\/rocio.png?fit=300%2C289&amp;ssl=1\" class=\"attachment-medium size-medium wp-image-1985\" alt=\"\" srcset=\"https:\/\/i0.wp.com\/geolatinas.org\/wp-content\/uploads\/2024\/01\/rocio.png?w=815&amp;ssl=1 815w, https:\/\/i0.wp.com\/geolatinas.org\/wp-content\/uploads\/2024\/01\/rocio.png?resize=300%2C289&amp;ssl=1 300w, https:\/\/i0.wp.com\/geolatinas.org\/wp-content\/uploads\/2024\/01\/rocio.png?resize=150%2C144&amp;ssl=1 150w, https:\/\/i0.wp.com\/geolatinas.org\/wp-content\/uploads\/2024\/01\/rocio.png?resize=768%2C739&amp;ssl=1 768w, https:\/\/i0.wp.com\/geolatinas.org\/wp-content\/uploads\/2024\/01\/rocio.png?resize=12%2C12&amp;ssl=1 12w, https:\/\/i0.wp.com\/geolatinas.org\/wp-content\/uploads\/2024\/01\/rocio.png?resize=465%2C447&amp;ssl=1 465w, https:\/\/i0.wp.com\/geolatinas.org\/wp-content\/uploads\/2024\/01\/rocio.png?resize=520%2C500&amp;ssl=1 520w\" sizes=\"(max-width: 300px) 100vw, 300px\" \/>\t\t\t\t\t\t\t\t\t\t\t\t\t\t\t<\/div>\n\t\t\t\t<\/div>\n\t\t\t\t<div class=\"elementor-element elementor-element-4c3ce96 elementor-widget elementor-widget-text-editor\" data-id=\"4c3ce96\" data-element_type=\"widget\" data-widget_type=\"text-editor.default\">\n\t\t\t\t<div class=\"elementor-widget-container\">\n\t\t\t\t\t\t\t\t\t<p>Rocio is a paleoceanographer and paleoclimatologist. Researcher &amp; Associate Faculty at George Mason University and Visiting Scientist at Brown University.\u00a0 Peruvian born and raised, mother of 2, wife, daughter, sister, friend, invisible chronic disorder warrior and so much more. Her research focuses on reconstructing environmental &amp; climate change in the geologic past, to understand how different parts of the climate system respond &amp; interact, creating the picture left behind in the geo record. I also aim to be an advocate for Diversity and Inclusion, is both a privilege &amp; a duty.<\/p>\t\t\t\t\t\t\t\t<\/div>\n\t\t\t\t<\/div>\n\t\t\t\t\t<\/div>\n\t\t<\/div>\n\t\t\t\t\t<\/div>\n\t\t<\/section>\n\t\t\t\t<section class=\"elementor-section elementor-top-section elementor-element elementor-element-d6d9310 elementor-section-boxed elementor-section-height-default elementor-section-height-default\" data-id=\"d6d9310\" data-element_type=\"section\">\n\t\t\t\t\t\t<div class=\"elementor-container elementor-column-gap-default\">\n\t\t\t\t\t<div class=\"elementor-column elementor-col-50 elementor-top-column elementor-element elementor-element-29503f9\" data-id=\"29503f9\" data-element_type=\"column\">\n\t\t\t<div class=\"elementor-widget-wrap elementor-element-populated\">\n\t\t\t\t\t\t<div class=\"elementor-element elementor-element-1f85a35 elementor-widget elementor-widget-text-editor\" data-id=\"1f85a35\" data-element_type=\"widget\" data-widget_type=\"text-editor.default\">\n\t\t\t\t<div class=\"elementor-widget-container\">\n\t\t\t\t\t\t\t\t\t<p><span style=\"font-size: 30px;\">Vice Chair and co-founder<\/span><\/p>\t\t\t\t\t\t\t\t<\/div>\n\t\t\t\t<\/div>\n\t\t\t\t<div class=\"elementor-element elementor-element-98f68cc elementor-widget__width-initial elementor-widget elementor-widget-image\" data-id=\"98f68cc\" data-element_type=\"widget\" data-widget_type=\"image.default\">\n\t\t\t\t<div class=\"elementor-widget-container\">\n\t\t\t\t\t\t\t\t\t\t\t\t\t\t\t<img decoding=\"async\" width=\"300\" height=\"289\" src=\"https:\/\/i0.wp.com\/geolatinas.org\/wp-content\/uploads\/2024\/01\/Clara.png?fit=300%2C289&amp;ssl=1\" class=\"attachment-medium size-medium wp-image-1989\" alt=\"\" srcset=\"https:\/\/i0.wp.com\/geolatinas.org\/wp-content\/uploads\/2024\/01\/Clara.png?w=815&amp;ssl=1 815w, https:\/\/i0.wp.com\/geolatinas.org\/wp-content\/uploads\/2024\/01\/Clara.png?resize=300%2C289&amp;ssl=1 300w, https:\/\/i0.wp.com\/geolatinas.org\/wp-content\/uploads\/2024\/01\/Clara.png?resize=150%2C144&amp;ssl=1 150w, https:\/\/i0.wp.com\/geolatinas.org\/wp-content\/uploads\/2024\/01\/Clara.png?resize=768%2C739&amp;ssl=1 768w, https:\/\/i0.wp.com\/geolatinas.org\/wp-content\/uploads\/2024\/01\/Clara.png?resize=12%2C12&amp;ssl=1 12w, https:\/\/i0.wp.com\/geolatinas.org\/wp-content\/uploads\/2024\/01\/Clara.png?resize=465%2C447&amp;ssl=1 465w, https:\/\/i0.wp.com\/geolatinas.org\/wp-content\/uploads\/2024\/01\/Clara.png?resize=520%2C500&amp;ssl=1 520w\" sizes=\"(max-width: 300px) 100vw, 300px\" \/>\t\t\t\t\t\t\t\t\t\t\t\t\t\t\t<\/div>\n\t\t\t\t<\/div>\n\t\t\t\t<div class=\"elementor-element elementor-element-8f92a61 elementor-widget elementor-widget-text-editor\" data-id=\"8f92a61\" data-element_type=\"widget\" data-widget_type=\"text-editor.default\">\n\t\t\t\t<div class=\"elementor-widget-container\">\n\t\t\t\t\t\t\t\t\t<p>Clara \u00e9 da Venezuela e atualmente \u00e9 gerente de Explora\u00e7\u00e3o Regional e Tect\u00f4nica de Sal na Petronas M\u00e9xico. O trabalho de Clara se concentra no sal\u00a0<a style=\"background-color: #ffffff;\" href=\"https:\/\/www.instagram.com\/explore\/tags\/stratigraphy\/\">#stratigrafia<\/a>, salt tectonics control on deepwater sedimentation and submarine salt karst.\u00a0Clara is passionate about\u00a0<a style=\"background-color: #ffffff;\" href=\"https:\/\/www.instagram.com\/explore\/tags\/teaching\/\">ensino<\/a>\u00a0e\u00a0<a style=\"background-color: #ffffff;\" href=\"https:\/\/www.instagram.com\/explore\/tags\/mentoring\/\">mentoria<\/a>. Ela est\u00e1 sempre ansiosa para adquirir conhecimento e experi\u00eancia para melhorar minha habilidade de ensinar outras pessoas.<\/p>\t\t\t\t\t\t\t\t<\/div>\n\t\t\t\t<\/div>\n\t\t\t\t\t<\/div>\n\t\t<\/div>\n\t\t\t\t<div class=\"elementor-column elementor-col-50 elementor-top-column elementor-element elementor-element-988a421\" data-id=\"988a421\" data-element_type=\"column\">\n\t\t\t<div class=\"elementor-widget-wrap elementor-element-populated\">\n\t\t\t\t\t\t<div class=\"elementor-element elementor-element-559925b elementor-widget elementor-widget-text-editor\" data-id=\"559925b\" data-element_type=\"widget\" data-widget_type=\"text-editor.default\">\n\t\t\t\t<div class=\"elementor-widget-container\">\n\t\t\t\t\t\t\t\t\t<p><span style=\"font-size: 30px;\">Vice Chair\u00a0<\/span><\/p>\t\t\t\t\t\t\t\t<\/div>\n\t\t\t\t<\/div>\n\t\t\t\t<div class=\"elementor-element elementor-element-122c880 elementor-widget elementor-widget-image\" data-id=\"122c880\" data-element_type=\"widget\" data-widget_type=\"image.default\">\n\t\t\t\t<div class=\"elementor-widget-container\">\n\t\t\t\t\t\t\t\t\t\t\t\t\t\t\t<img decoding=\"async\" width=\"300\" height=\"266\" src=\"https:\/\/i0.wp.com\/geolatinas.org\/wp-content\/uploads\/2024\/01\/Luisa.png?fit=300%2C266&amp;ssl=1\" class=\"attachment-medium size-medium wp-image-1987\" alt=\"\" srcset=\"https:\/\/i0.wp.com\/geolatinas.org\/wp-content\/uploads\/2024\/01\/Luisa.png?w=803&amp;ssl=1 803w, https:\/\/i0.wp.com\/geolatinas.org\/wp-content\/uploads\/2024\/01\/Luisa.png?resize=300%2C266&amp;ssl=1 300w, https:\/\/i0.wp.com\/geolatinas.org\/wp-content\/uploads\/2024\/01\/Luisa.png?resize=150%2C133&amp;ssl=1 150w, https:\/\/i0.wp.com\/geolatinas.org\/wp-content\/uploads\/2024\/01\/Luisa.png?resize=768%2C682&amp;ssl=1 768w, https:\/\/i0.wp.com\/geolatinas.org\/wp-content\/uploads\/2024\/01\/Luisa.png?resize=14%2C12&amp;ssl=1 14w, https:\/\/i0.wp.com\/geolatinas.org\/wp-content\/uploads\/2024\/01\/Luisa.png?resize=465%2C413&amp;ssl=1 465w, https:\/\/i0.wp.com\/geolatinas.org\/wp-content\/uploads\/2024\/01\/Luisa.png?resize=563%2C500&amp;ssl=1 563w\" sizes=\"(max-width: 300px) 100vw, 300px\" \/>\t\t\t\t\t\t\t\t\t\t\t\t\t\t\t<\/div>\n\t\t\t\t<\/div>\n\t\t\t\t<div class=\"elementor-element elementor-element-fe46797 elementor-widget elementor-widget-text-editor\" data-id=\"fe46797\" data-element_type=\"widget\" data-widget_type=\"text-editor.default\">\n\t\t\t\t<div class=\"elementor-widget-container\">\n\t\t\t\t\t\t\t\t\t<p>Luisa is a Colombian\u00a0<img decoding=\"async\" class=\"emoji\" role=\"img\" draggable=\"false\" src=\"https:\/\/s.w.org\/images\/core\/emoji\/14.0.0\/svg\/1f1e8-1f1f4.svg\" alt=\"\ud83c\udde8\ud83c\uddf4\" \/>structural geologist, characterizing &amp; modelling heat &amp; flow in fractured crystalline rocks, w\/applications to geothermal energy.She did her postdoctoral research at the University of Bergen in Norway. Luisa enjoys teaching and outreach, and being a lifelong learner. In her own words: \u201cI am a strong advocate for energy availability as a mean for progress, especially in developing areas of the world<\/p>\t\t\t\t\t\t\t\t<\/div>\n\t\t\t\t<\/div>\n\t\t\t\t\t<\/div>\n\t\t<\/div>\n\t\t\t\t\t<\/div>\n\t\t<\/section>\n\t\t\t\t<section class=\"elementor-section elementor-top-section elementor-element elementor-element-4047f48 elementor-section-boxed elementor-section-height-default elementor-section-height-default\" data-id=\"4047f48\" data-element_type=\"section\">\n\t\t\t\t\t\t<div class=\"elementor-container elementor-column-gap-default\">\n\t\t\t\t\t<div class=\"elementor-column elementor-col-100 elementor-top-column elementor-element elementor-element-34b7898\" data-id=\"34b7898\" data-element_type=\"column\">\n\t\t\t<div class=\"elementor-widget-wrap elementor-element-populated\">\n\t\t\t\t\t\t<div class=\"elementor-element elementor-element-aa92d04 elementor-widget elementor-widget-text-editor\" data-id=\"aa92d04\" data-element_type=\"widget\" data-widget_type=\"text-editor.default\">\n\t\t\t\t<div class=\"elementor-widget-container\">\n\t\t\t\t\t\t\t\t\t<p><span style=\"font-size: 30px;\">Diretor financeiro<\/span><\/p>\t\t\t\t\t\t\t\t<\/div>\n\t\t\t\t<\/div>\n\t\t\t\t<div class=\"elementor-element elementor-element-b81f6a1 elementor-widget elementor-widget-image\" data-id=\"b81f6a1\" data-element_type=\"widget\" data-widget_type=\"image.default\">\n\t\t\t\t<div class=\"elementor-widget-container\">\n\t\t\t\t\t\t\t\t\t\t\t\t\t\t\t<img loading=\"lazy\" decoding=\"async\" width=\"300\" height=\"262\" src=\"https:\/\/i0.wp.com\/geolatinas.org\/wp-content\/uploads\/2024\/01\/CataLlano.png?fit=300%2C262&amp;ssl=1\" class=\"attachment-medium size-medium wp-image-1986\" alt=\"\" srcset=\"https:\/\/i0.wp.com\/geolatinas.org\/wp-content\/uploads\/2024\/01\/CataLlano.png?w=815&amp;ssl=1 815w, https:\/\/i0.wp.com\/geolatinas.org\/wp-content\/uploads\/2024\/01\/CataLlano.png?resize=300%2C262&amp;ssl=1 300w, https:\/\/i0.wp.com\/geolatinas.org\/wp-content\/uploads\/2024\/01\/CataLlano.png?resize=150%2C131&amp;ssl=1 150w, https:\/\/i0.wp.com\/geolatinas.org\/wp-content\/uploads\/2024\/01\/CataLlano.png?resize=768%2C672&amp;ssl=1 768w, https:\/\/i0.wp.com\/geolatinas.org\/wp-content\/uploads\/2024\/01\/CataLlano.png?resize=14%2C12&amp;ssl=1 14w, https:\/\/i0.wp.com\/geolatinas.org\/wp-content\/uploads\/2024\/01\/CataLlano.png?resize=465%2C407&amp;ssl=1 465w, https:\/\/i0.wp.com\/geolatinas.org\/wp-content\/uploads\/2024\/01\/CataLlano.png?resize=572%2C500&amp;ssl=1 572w\" sizes=\"(max-width: 300px) 100vw, 300px\" \/>\t\t\t\t\t\t\t\t\t\t\t\t\t\t\t<\/div>\n\t\t\t\t<\/div>\n\t\t\t\t\t<\/div>\n\t\t<\/div>\n\t\t\t\t\t<\/div>\n\t\t<\/section>\n\t\t\t\t<section class=\"elementor-section elementor-top-section elementor-element elementor-element-a1a64a4 elementor-section-boxed elementor-section-height-default elementor-section-height-default\" data-id=\"a1a64a4\" data-element_type=\"section\">\n\t\t\t\t\t\t<div class=\"elementor-container elementor-column-gap-default\">\n\t\t\t\t\t<div class=\"elementor-column elementor-col-50 elementor-top-column elementor-element elementor-element-661591f\" data-id=\"661591f\" data-element_type=\"column\">\n\t\t\t<div class=\"elementor-widget-wrap elementor-element-populated\">\n\t\t\t\t\t\t<div class=\"elementor-element elementor-element-64d0068 elementor-widget elementor-widget-text-editor\" data-id=\"64d0068\" data-element_type=\"widget\" data-widget_type=\"text-editor.default\">\n\t\t\t\t<div class=\"elementor-widget-container\">\n\t\t\t\t\t\t\t\t\t<p><span style=\"font-size: 30px;\">Administrative Chief<\/span><\/p>\t\t\t\t\t\t\t\t<\/div>\n\t\t\t\t<\/div>\n\t\t\t\t<div class=\"elementor-element elementor-element-43f66b0 elementor-widget elementor-widget-image\" data-id=\"43f66b0\" data-element_type=\"widget\" data-widget_type=\"image.default\">\n\t\t\t\t<div class=\"elementor-widget-container\">\n\t\t\t\t\t\t\t\t\t\t\t\t\t\t\t<img loading=\"lazy\" decoding=\"async\" width=\"300\" height=\"262\" src=\"https:\/\/i0.wp.com\/geolatinas.org\/wp-content\/uploads\/2024\/01\/Clairet.png?fit=300%2C262&amp;ssl=1\" class=\"attachment-medium size-medium wp-image-1991\" alt=\"\" srcset=\"https:\/\/i0.wp.com\/geolatinas.org\/wp-content\/uploads\/2024\/01\/Clairet.png?w=815&amp;ssl=1 815w, https:\/\/i0.wp.com\/geolatinas.org\/wp-content\/uploads\/2024\/01\/Clairet.png?resize=300%2C262&amp;ssl=1 300w, https:\/\/i0.wp.com\/geolatinas.org\/wp-content\/uploads\/2024\/01\/Clairet.png?resize=150%2C131&amp;ssl=1 150w, https:\/\/i0.wp.com\/geolatinas.org\/wp-content\/uploads\/2024\/01\/Clairet.png?resize=768%2C672&amp;ssl=1 768w, https:\/\/i0.wp.com\/geolatinas.org\/wp-content\/uploads\/2024\/01\/Clairet.png?resize=14%2C12&amp;ssl=1 14w, https:\/\/i0.wp.com\/geolatinas.org\/wp-content\/uploads\/2024\/01\/Clairet.png?resize=465%2C407&amp;ssl=1 465w, https:\/\/i0.wp.com\/geolatinas.org\/wp-content\/uploads\/2024\/01\/Clairet.png?resize=572%2C500&amp;ssl=1 572w\" sizes=\"(max-width: 300px) 100vw, 300px\" \/>\t\t\t\t\t\t\t\t\t\t\t\t\t\t\t<\/div>\n\t\t\t\t<\/div>\n\t\t\t\t\t<\/div>\n\t\t<\/div>\n\t\t\t\t<div class=\"elementor-column elementor-col-50 elementor-top-column elementor-element elementor-element-0b63a59\" data-id=\"0b63a59\" data-element_type=\"column\">\n\t\t\t<div class=\"elementor-widget-wrap elementor-element-populated\">\n\t\t\t\t\t\t<div class=\"elementor-element elementor-element-8b3f92b elementor-widget elementor-widget-text-editor\" data-id=\"8b3f92b\" data-element_type=\"widget\" data-widget_type=\"text-editor.default\">\n\t\t\t\t<div class=\"elementor-widget-container\">\n\t\t\t\t\t\t\t\t\t<p><span style=\"font-size: 30px;\">Administrative Chief<\/span><\/p>\t\t\t\t\t\t\t\t<\/div>\n\t\t\t\t<\/div>\n\t\t\t\t<div class=\"elementor-element elementor-element-d838bae elementor-widget elementor-widget-image\" data-id=\"d838bae\" data-element_type=\"widget\" data-widget_type=\"image.default\">\n\t\t\t\t<div class=\"elementor-widget-container\">\n\t\t\t\t\t\t\t\t\t\t\t\t\t\t\t<img loading=\"lazy\" decoding=\"async\" width=\"300\" height=\"262\" src=\"https:\/\/i0.wp.com\/geolatinas.org\/wp-content\/uploads\/2024\/01\/Marjosbet.png?fit=300%2C262&amp;ssl=1\" class=\"attachment-medium size-medium wp-image-1990\" alt=\"\" srcset=\"https:\/\/i0.wp.com\/geolatinas.org\/wp-content\/uploads\/2024\/01\/Marjosbet.png?w=815&amp;ssl=1 815w, https:\/\/i0.wp.com\/geolatinas.org\/wp-content\/uploads\/2024\/01\/Marjosbet.png?resize=300%2C262&amp;ssl=1 300w, https:\/\/i0.wp.com\/geolatinas.org\/wp-content\/uploads\/2024\/01\/Marjosbet.png?resize=150%2C131&amp;ssl=1 150w, https:\/\/i0.wp.com\/geolatinas.org\/wp-content\/uploads\/2024\/01\/Marjosbet.png?resize=768%2C672&amp;ssl=1 768w, https:\/\/i0.wp.com\/geolatinas.org\/wp-content\/uploads\/2024\/01\/Marjosbet.png?resize=14%2C12&amp;ssl=1 14w, https:\/\/i0.wp.com\/geolatinas.org\/wp-content\/uploads\/2024\/01\/Marjosbet.png?resize=465%2C407&amp;ssl=1 465w, https:\/\/i0.wp.com\/geolatinas.org\/wp-content\/uploads\/2024\/01\/Marjosbet.png?resize=572%2C500&amp;ssl=1 572w\" sizes=\"(max-width: 300px) 100vw, 300px\" \/>\t\t\t\t\t\t\t\t\t\t\t\t\t\t\t<\/div>\n\t\t\t\t<\/div>\n\t\t\t\t\t<\/div>\n\t\t<\/div>\n\t\t\t\t\t<\/div>\n\t\t<\/section>\n\t\t\t\t<\/div>","protected":false},"excerpt":{"rendered":"<p>Chair and co-creator Rocio is a paleoceanographer and paleoclimatologist. Researcher &amp; Associate Faculty at George Mason University and Visiting Scientist at Brown University.\u00a0 Peruvian born and raised, mother of 2, wife, daughter, sister, friend, invisible chronic disorder warrior and so much more. Her research focuses on reconstructing environmental &amp; climate<span class=\"more-link\"><a href=\"https:\/\/geolatinas.org\/pt\/board-of-directors\/\">Continue lendo<\/a><\/span><\/p>","protected":false},"author":4,"featured_media":800,"parent":0,"menu_order":0,"comment_status":"closed","ping_status":"closed","template":"","meta":{"om_disable_all_campaigns":false,"_monsterinsights_skip_tracking":false,"_monsterinsights_sitenote_active":false,"_monsterinsights_sitenote_note":"","_monsterinsights_sitenote_category":0,"footnotes":""},"class_list":["entry","author-abalza","post-675","page","type-page","status-publish","has-post-thumbnail"],"aioseo_notices":[],"jetpack_sharing_enabled":true,"_links":{"self":[{"href":"https:\/\/geolatinas.org\/pt\/wp-json\/wp\/v2\/pages\/675","targetHints":{"allow":["GET"]}}],"collection":[{"href":"https:\/\/geolatinas.org\/pt\/wp-json\/wp\/v2\/pages"}],"about":[{"href":"https:\/\/geolatinas.org\/pt\/wp-json\/wp\/v2\/types\/page"}],"author":[{"embeddable":true,"href":"https:\/\/geolatinas.org\/pt\/wp-json\/wp\/v2\/users\/4"}],"replies":[{"embeddable":true,"href":"https:\/\/geolatinas.org\/pt\/wp-json\/wp\/v2\/comments?post=675"}],"version-history":[{"count":19,"href":"https:\/\/geolatinas.org\/pt\/wp-json\/wp\/v2\/pages\/675\/revisions"}],"predecessor-version":[{"id":2038,"href":"https:\/\/geolatinas.org\/pt\/wp-json\/wp\/v2\/pages\/675\/revisions\/2038"}],"wp:featuredmedia":[{"embeddable":true,"href":"https:\/\/geolatinas.org\/pt\/wp-json\/wp\/v2\/media\/800"}],"wp:attachment":[{"href":"https:\/\/geolatinas.org\/pt\/wp-json\/wp\/v2\/media?parent=675"}],"curies":[{"name":"wp","href":"https:\/\/api.w.org\/{rel}","templated":true}]}}