{"id":811,"date":"2020-09-22T04:16:49","date_gmt":"2020-09-22T04:16:49","guid":{"rendered":"http:\/\/box2141.temp.domains\/~geolatin\/?page_id=811"},"modified":"2021-01-29T03:34:55","modified_gmt":"2021-01-29T03:34:55","slug":"geolatinas-local-teams","status":"publish","type":"page","link":"https:\/\/geolatinas.org\/pt\/geolatinas-local-teams\/","title":{"rendered":"Equipes locais da GeoLatinas"},"content":{"rendered":"<div class=\"flourish-embed flourish-map\" data-src=\"visualisation\/3272103\" data-url=\"https:\/\/flo.uri.sh\/visualisation\/3272103\/embed\" aria-label=\"\"><script src=\"https:\/\/public.flourish.studio\/resources\/embed.js\"><\/script><\/div>\n\n\n\n<p class=\"has-text-align-center has-medium-font-size\">Esperamos ter Equipes Locais GeoLatinas em todo o mundo, cada um focando em suas pr\u00f3prias necessidades locais, mas todos vivendo a miss\u00e3o comum do GeoLatinas. As informa\u00e7\u00f5es de contato para cada GLT podem ser encontradas abaixo. Se voc\u00ea tem interesse em formar uma equipe local para sua universidade ou empresa, basta preencher o formul\u00e1rio no bot\u00e3o abaixo e escolher \u201cCriar GLT\u201d. Temos informa\u00e7\u00f5es \u00fateis em um documento p\u00fablico, bem como modelos \u00fateis em uma pasta compartilhada sobre como come\u00e7ar! <\/p>\n\n\n\n<div class=\"wp-block-buttons aligncenter is-layout-flex wp-block-buttons-is-layout-flex\">\n<div class=\"wp-block-button is-style-fill\"><a class=\"wp-block-button__link has-white-color has-text-color has-background\" href=\"http:\/\/bit.ly\/Join_GeoLatinas_2021\" style=\"border-radius:25px;background-color:#8a5082\" target=\"_blank\" rel=\"noreferrer noopener\">Crie sua equipe local<\/a><\/div>\n<\/div>\n\n\n\n<div class=\"wp-block-image\"><figure class=\"aligncenter size-large is-resized\"><img data-recalc-dims=\"1\" fetchpriority=\"high\" decoding=\"async\" src=\"https:\/\/i0.wp.com\/geolatinas.org\/wp-content\/uploads\/2020\/09\/12.png?resize=282%2C282&#038;ssl=1\" alt=\"\" class=\"wp-image-772\" width=\"282\" height=\"282\" srcset=\"https:\/\/i0.wp.com\/geolatinas.org\/wp-content\/uploads\/2020\/09\/12.png?resize=1024%2C1024&amp;ssl=1 1024w, https:\/\/i0.wp.com\/geolatinas.org\/wp-content\/uploads\/2020\/09\/12.png?resize=300%2C300&amp;ssl=1 300w, https:\/\/i0.wp.com\/geolatinas.org\/wp-content\/uploads\/2020\/09\/12.png?resize=150%2C150&amp;ssl=1 150w, https:\/\/i0.wp.com\/geolatinas.org\/wp-content\/uploads\/2020\/09\/12.png?resize=768%2C768&amp;ssl=1 768w, https:\/\/i0.wp.com\/geolatinas.org\/wp-content\/uploads\/2020\/09\/12.png?resize=465%2C465&amp;ssl=1 465w, https:\/\/i0.wp.com\/geolatinas.org\/wp-content\/uploads\/2020\/09\/12.png?resize=500%2C500&amp;ssl=1 500w, https:\/\/i0.wp.com\/geolatinas.org\/wp-content\/uploads\/2020\/09\/12.png?w=1080&amp;ssl=1 1080w\" sizes=\"(max-width: 282px) 100vw, 282px\" \/><\/figure><\/div>\n\n\n\n<iframe width=\"560\" height=\"315\" src=\"https:\/\/www.youtube.com\/embed\/TwgamU7luZE?start=120\" frameborder=\"0\" allow=\"accelerometer; autoplay; clipboard-write; encrypted-media; gyroscope; picture-in-picture\" allowfullscreen=\"\"><\/iframe>\n\n\n\n<hr class=\"wp-block-separator\"\/>\n\n\n<h1 class=\"fonts-plugin-block\" style=\"text-align: center\">Nossas equipes locais GeoLatina - Sites <\/h1>\n\n\n<h2 class=\"wp-block-heading\"><a rel=\"noreferrer noopener\" href=\"https:\/\/geolatinastulane.wixsite.com\/geolatinas\" target=\"_blank\">GLT - GEOLATINAS TULANE UNIVERSITY -<\/a><\/h2>\n\n\n\n<h2 class=\"wp-block-heading\"><a rel=\"noreferrer noopener\" href=\"https:\/\/geolatinastulane.wixsite.com\/geolatinas\" target=\"_blank\"> GLT<\/a><a rel=\"noreferrer noopener\" href=\"https:\/\/geolatinasmpr.wixsite.com\/mayaguez\" target=\"_blank\">-GEOLATINAS MAYAG\u00dcEZ-PUERTO RICO - <\/a><\/h2>\n\n\n\n<h2 class=\"wp-block-heading\"><a rel=\"noreferrer noopener\" href=\"https:\/\/geolatinasmpr.wixsite.com\/mayaguez\" target=\"_blank\">GLT<\/a><a href=\"javascript:;\">-GEOLATINAS MEDELLIN<\/a><\/h2>\n\n\n\n<h2 class=\"wp-block-heading\"><a href=\"https:\/\/vvillaga.wixsite.com\/geolatinasatucla\">GLT-GEOLATINAS UCLA<\/a><\/h2>\n\n\n\n<p><\/p>\n\n\n\n<p><\/p>","protected":false},"excerpt":{"rendered":"<p>We hope to have GeoLatinas Local Teams all around the globe, each focusing on their own local needs, but all living the common GeoLatinas&#8217; mission. Contact information for each GLT can be found below. If you are interested in creating a local team for your university or company, simply fill<span class=\"more-link\"><a href=\"https:\/\/geolatinas.org\/pt\/geolatinas-local-teams\/\">Continue lendo<\/a><\/span><\/p>","protected":false},"author":4,"featured_media":816,"parent":0,"menu_order":0,"comment_status":"closed","ping_status":"closed","template":"","meta":{"om_disable_all_campaigns":false,"_monsterinsights_skip_tracking":false,"_monsterinsights_sitenote_active":false,"_monsterinsights_sitenote_note":"","_monsterinsights_sitenote_category":0,"footnotes":""},"class_list":["entry","author-abalza","post-811","page","type-page","status-publish","has-post-thumbnail"],"aioseo_notices":[],"jetpack_sharing_enabled":true,"_links":{"self":[{"href":"https:\/\/geolatinas.org\/pt\/wp-json\/wp\/v2\/pages\/811","targetHints":{"allow":["GET"]}}],"collection":[{"href":"https:\/\/geolatinas.org\/pt\/wp-json\/wp\/v2\/pages"}],"about":[{"href":"https:\/\/geolatinas.org\/pt\/wp-json\/wp\/v2\/types\/page"}],"author":[{"embeddable":true,"href":"https:\/\/geolatinas.org\/pt\/wp-json\/wp\/v2\/users\/4"}],"replies":[{"embeddable":true,"href":"https:\/\/geolatinas.org\/pt\/wp-json\/wp\/v2\/comments?post=811"}],"version-history":[{"count":17,"href":"https:\/\/geolatinas.org\/pt\/wp-json\/wp\/v2\/pages\/811\/revisions"}],"predecessor-version":[{"id":1425,"href":"https:\/\/geolatinas.org\/pt\/wp-json\/wp\/v2\/pages\/811\/revisions\/1425"}],"wp:featuredmedia":[{"embeddable":true,"href":"https:\/\/geolatinas.org\/pt\/wp-json\/wp\/v2\/media\/816"}],"wp:attachment":[{"href":"https:\/\/geolatinas.org\/pt\/wp-json\/wp\/v2\/media?parent=811"}],"curies":[{"name":"wp","href":"https:\/\/api.w.org\/{rel}","templated":true}]}}